{"id":8107,"date":"2026-05-08T12:39:31","date_gmt":"2026-05-08T10:39:31","guid":{"rendered":"https:\/\/lydogkabel.dk\/?post_type=product&#038;p=8107"},"modified":"2026-05-08T12:40:37","modified_gmt":"2026-05-08T10:40:37","slug":"norstone-wiim-vaegbeslag-hvid","status":"publish","type":"product","link":"https:\/\/lydogkabel.dk\/index.php\/vare\/norstone-wiim-vaegbeslag-hvid\/","title":{"rendered":"Norstone WiiM v\u00e6gbeslag (Hvid)"},"content":{"rendered":"<p class=\"font-claude-response-body break-words whitespace-normal leading-[1.7]\">Elegant v\u00e6gbeslag i pulverlakeret st\u00e5l til WiiM Sound og WiiM Sound Lite. Kompakt, robust og designet til at glide diskret ind i enhver indretning \u2013 i sort eller hvid.<\/p>\n<p class=\"font-claude-response-body break-words whitespace-normal leading-[1.7]\">Beslaget kan drejes 130\u00b0 sidev\u00e6rts og vippes 60\u00b0 op eller ned, s\u00e5 du kan rette lyden pr\u00e6cis mod lyttepositionen. Alt monteringsudstyr og v\u00e6rkt\u00f8j f\u00f8lger med, og ops\u00e6tningen tager kun f\u00e5 minutter.<\/p>\n<p class=\"font-claude-response-body break-words whitespace-normal leading-[1.7]\">F\u00e5s ogs\u00e5 som gulvstander i matchende design.<\/p>\n","protected":false},"excerpt":{"rendered":"<p class=\"font-claude-response-body break-words whitespace-normal leading-[1.7]\"><strong>NorStone WiiM Sound Wall Mount<\/strong><\/p>\n<p class=\"font-claude-response-body break-words whitespace-normal leading-[1.7]\">\n<p> [&hellip;]<\/p>\n","protected":false},"featured_media":8110,"template":"","meta":{"_acf_changed":false},"product_brand":[],"product_cat":[122],"product_tag":[3060,3061,2966],"class_list":{"0":"post-8107","1":"product","2":"type-product","3":"status-publish","4":"has-post-thumbnail","6":"product_cat-hoejttaler-tilbehoer","7":"product_tag-norstone","8":"product_tag-vaegbeslag","9":"product_tag-wiim","11":"first","12":"instock","13":"taxable","14":"shipping-taxable","15":"purchasable","16":"product-type-simple"},"acf":[],"_links":{"self":[{"href":"https:\/\/lydogkabel.dk\/index.php\/wp-json\/wp\/v2\/product\/8107","targetHints":{"allow":["GET"]}}],"collection":[{"href":"https:\/\/lydogkabel.dk\/index.php\/wp-json\/wp\/v2\/product"}],"about":[{"href":"https:\/\/lydogkabel.dk\/index.php\/wp-json\/wp\/v2\/types\/product"}],"wp:featuredmedia":[{"embeddable":true,"href":"https:\/\/lydogkabel.dk\/index.php\/wp-json\/wp\/v2\/media\/8110"}],"wp:attachment":[{"href":"https:\/\/lydogkabel.dk\/index.php\/wp-json\/wp\/v2\/media?parent=8107"}],"wp:term":[{"taxonomy":"product_brand","embeddable":true,"href":"https:\/\/lydogkabel.dk\/index.php\/wp-json\/wp\/v2\/product_brand?post=8107"},{"taxonomy":"product_cat","embeddable":true,"href":"https:\/\/lydogkabel.dk\/index.php\/wp-json\/wp\/v2\/product_cat?post=8107"},{"taxonomy":"product_tag","embeddable":true,"href":"https:\/\/lydogkabel.dk\/index.php\/wp-json\/wp\/v2\/product_tag?post=8107"}],"curies":[{"name":"wp","href":"https:\/\/api.w.org\/{rel}","templated":true}]}}