{"id":7911,"date":"2026-03-24T09:35:22","date_gmt":"2026-03-24T08:35:22","guid":{"rendered":"https:\/\/lydogkabel.dk\/?post_type=product&#038;p=7911"},"modified":"2026-03-24T09:39:16","modified_gmt":"2026-03-24T08:39:16","slug":"norstone-wall-mount","status":"publish","type":"product","link":"https:\/\/lydogkabel.dk\/index.php\/vare\/norstone-wall-mount\/","title":{"rendered":"NorStone Wall Mount"},"content":{"rendered":"<p>H\u00e6ngende dimensioner (B x H x D): 286 x 139 x 275 mm<br \/>\nM\u00e5l p\u00e5 kassen (B x H x D): 260 x 255 x 60 mm<\/p>\n","protected":false},"excerpt":{"rendered":"<p>V\u00e6gbeslag til reolh\u00f8jttalere. Kan indstilles til de fleste reolh\u00f8jttalere. Prisen er for et [&hellip;]<\/p>\n","protected":false},"featured_media":7914,"template":"","meta":{"_acf_changed":false},"product_brand":[],"product_cat":[122],"product_tag":[3062,3065,3060,3064,3061,3063],"class_list":{"0":"post-7911","1":"product","2":"type-product","3":"status-publish","4":"has-post-thumbnail","6":"product_cat-hoejttaler-tilbehoer","7":"product_tag-hoejttalerbeslag","8":"product_tag-mount","9":"product_tag-norstone","10":"product_tag-speaker-mounts","11":"product_tag-vaegbeslag","12":"product_tag-wall-mount","14":"first","15":"instock","16":"taxable","17":"shipping-taxable","18":"purchasable","19":"product-type-simple"},"acf":[],"_links":{"self":[{"href":"https:\/\/lydogkabel.dk\/index.php\/wp-json\/wp\/v2\/product\/7911","targetHints":{"allow":["GET"]}}],"collection":[{"href":"https:\/\/lydogkabel.dk\/index.php\/wp-json\/wp\/v2\/product"}],"about":[{"href":"https:\/\/lydogkabel.dk\/index.php\/wp-json\/wp\/v2\/types\/product"}],"wp:featuredmedia":[{"embeddable":true,"href":"https:\/\/lydogkabel.dk\/index.php\/wp-json\/wp\/v2\/media\/7914"}],"wp:attachment":[{"href":"https:\/\/lydogkabel.dk\/index.php\/wp-json\/wp\/v2\/media?parent=7911"}],"wp:term":[{"taxonomy":"product_brand","embeddable":true,"href":"https:\/\/lydogkabel.dk\/index.php\/wp-json\/wp\/v2\/product_brand?post=7911"},{"taxonomy":"product_cat","embeddable":true,"href":"https:\/\/lydogkabel.dk\/index.php\/wp-json\/wp\/v2\/product_cat?post=7911"},{"taxonomy":"product_tag","embeddable":true,"href":"https:\/\/lydogkabel.dk\/index.php\/wp-json\/wp\/v2\/product_tag?post=7911"}],"curies":[{"name":"wp","href":"https:\/\/api.w.org\/{rel}","templated":true}]}}