{"id":7822,"date":"2026-03-22T22:47:40","date_gmt":"2026-03-22T21:47:40","guid":{"rendered":"https:\/\/lydogkabel.dk\/?post_type=product&#038;p=7822"},"modified":"2026-03-22T22:47:42","modified_gmt":"2026-03-22T21:47:42","slug":"savage-rose-solen-var-ogsaa-din","status":"publish","type":"product","link":"https:\/\/lydogkabel.dk\/index.php\/vare\/savage-rose-solen-var-ogsaa-din\/","title":{"rendered":"Savage Rose &#8211; Solen Var Ogs\u00e5 Din"},"content":{"rendered":"","protected":false},"excerpt":{"rendered":"<p>Havde vi ikke haft pladen p\u00e5 ploven s\u00e5 var den udelukkende blevet visuelt [&hellip;]<\/p>\n","protected":false},"featured_media":7845,"template":"","meta":{"_acf_changed":false},"product_brand":[],"product_cat":[3025],"product_tag":[160,2617,228,2705,1857,2620,3039],"class_list":{"0":"post-7822","1":"product","2":"type-product","3":"status-publish","4":"has-post-thumbnail","6":"product_cat-too-good-to-go","7":"product_tag-brugt","8":"product_tag-folk","9":"product_tag-lp","10":"product_tag-psychedelic","11":"product_tag-rock","12":"product_tag-savage-rose","13":"product_tag-solen-var-ogsaa-din","15":"first","16":"instock","17":"taxable","18":"shipping-taxable","19":"purchasable","20":"product-type-simple"},"acf":[],"_links":{"self":[{"href":"https:\/\/lydogkabel.dk\/index.php\/wp-json\/wp\/v2\/product\/7822","targetHints":{"allow":["GET"]}}],"collection":[{"href":"https:\/\/lydogkabel.dk\/index.php\/wp-json\/wp\/v2\/product"}],"about":[{"href":"https:\/\/lydogkabel.dk\/index.php\/wp-json\/wp\/v2\/types\/product"}],"wp:featuredmedia":[{"embeddable":true,"href":"https:\/\/lydogkabel.dk\/index.php\/wp-json\/wp\/v2\/media\/7845"}],"wp:attachment":[{"href":"https:\/\/lydogkabel.dk\/index.php\/wp-json\/wp\/v2\/media?parent=7822"}],"wp:term":[{"taxonomy":"product_brand","embeddable":true,"href":"https:\/\/lydogkabel.dk\/index.php\/wp-json\/wp\/v2\/product_brand?post=7822"},{"taxonomy":"product_cat","embeddable":true,"href":"https:\/\/lydogkabel.dk\/index.php\/wp-json\/wp\/v2\/product_cat?post=7822"},{"taxonomy":"product_tag","embeddable":true,"href":"https:\/\/lydogkabel.dk\/index.php\/wp-json\/wp\/v2\/product_tag?post=7822"}],"curies":[{"name":"wp","href":"https:\/\/api.w.org\/{rel}","templated":true}]}}