{"id":7631,"date":"2026-03-08T21:03:08","date_gmt":"2026-03-08T20:03:08","guid":{"rendered":"https:\/\/lydogkabel.dk\/?post_type=product&#038;p=7631"},"modified":"2026-03-08T21:03:09","modified_gmt":"2026-03-08T20:03:09","slug":"steppenwolf-skullduggery","status":"publish","type":"product","link":"https:\/\/lydogkabel.dk\/index.php\/vare\/steppenwolf-skullduggery\/","title":{"rendered":"Steppenwolf &#8211; Skullduggery"},"content":{"rendered":"","protected":false},"excerpt":{"rendered":"<p>Lad og bare v\u00e6re \u00e6rlige &#8211; Du skal lede l\u00e6nge for at finde [&hellip;]<\/p>\n","protected":false},"featured_media":7609,"template":"","meta":{"_acf_changed":false},"product_brand":[],"product_cat":[1135],"product_tag":[160,228,1857,2980,2979],"class_list":{"0":"post-7631","1":"product","2":"type-product","3":"status-publish","4":"has-post-thumbnail","6":"product_cat-brugte-lper","7":"product_tag-brugt","8":"product_tag-lp","9":"product_tag-rock","10":"product_tag-skullduggery","11":"product_tag-steppenwolf","13":"first","14":"instock","15":"taxable","16":"shipping-taxable","17":"purchasable","18":"product-type-simple"},"acf":[],"_links":{"self":[{"href":"https:\/\/lydogkabel.dk\/index.php\/wp-json\/wp\/v2\/product\/7631","targetHints":{"allow":["GET"]}}],"collection":[{"href":"https:\/\/lydogkabel.dk\/index.php\/wp-json\/wp\/v2\/product"}],"about":[{"href":"https:\/\/lydogkabel.dk\/index.php\/wp-json\/wp\/v2\/types\/product"}],"wp:featuredmedia":[{"embeddable":true,"href":"https:\/\/lydogkabel.dk\/index.php\/wp-json\/wp\/v2\/media\/7609"}],"wp:attachment":[{"href":"https:\/\/lydogkabel.dk\/index.php\/wp-json\/wp\/v2\/media?parent=7631"}],"wp:term":[{"taxonomy":"product_brand","embeddable":true,"href":"https:\/\/lydogkabel.dk\/index.php\/wp-json\/wp\/v2\/product_brand?post=7631"},{"taxonomy":"product_cat","embeddable":true,"href":"https:\/\/lydogkabel.dk\/index.php\/wp-json\/wp\/v2\/product_cat?post=7631"},{"taxonomy":"product_tag","embeddable":true,"href":"https:\/\/lydogkabel.dk\/index.php\/wp-json\/wp\/v2\/product_tag?post=7631"}],"curies":[{"name":"wp","href":"https:\/\/api.w.org\/{rel}","templated":true}]}}