{"id":7626,"date":"2026-03-08T20:43:39","date_gmt":"2026-03-08T19:43:39","guid":{"rendered":"https:\/\/lydogkabel.dk\/?post_type=product&#038;p=7626"},"modified":"2026-03-08T20:43:41","modified_gmt":"2026-03-08T19:43:41","slug":"theis-nygaard-jazz-band-jazztage-hannover","status":"publish","type":"product","link":"https:\/\/lydogkabel.dk\/index.php\/vare\/theis-nygaard-jazz-band-jazztage-hannover\/","title":{"rendered":"Theis\/Nygaard Jazz Band &#8211; Jazztage Hannover"},"content":{"rendered":"","protected":false},"excerpt":{"rendered":"<p>P\u00e6n men m\u00e6rker fra sticker top h\u00f8jre p\u00e5 cover [&hellip;]<\/p>\n","protected":false},"featured_media":7591,"template":"","meta":{"_acf_changed":false},"product_brand":[],"product_cat":[1135],"product_tag":[957,1019,2970],"class_list":{"0":"post-7626","1":"product","2":"type-product","3":"status-publish","4":"has-post-thumbnail","6":"product_cat-brugte-lper","7":"product_tag-jazz","8":"product_tag-live","9":"product_tag-theis-nygaard-jazz-band","11":"first","12":"instock","13":"taxable","14":"shipping-taxable","15":"purchasable","16":"product-type-simple"},"acf":[],"_links":{"self":[{"href":"https:\/\/lydogkabel.dk\/index.php\/wp-json\/wp\/v2\/product\/7626","targetHints":{"allow":["GET"]}}],"collection":[{"href":"https:\/\/lydogkabel.dk\/index.php\/wp-json\/wp\/v2\/product"}],"about":[{"href":"https:\/\/lydogkabel.dk\/index.php\/wp-json\/wp\/v2\/types\/product"}],"wp:featuredmedia":[{"embeddable":true,"href":"https:\/\/lydogkabel.dk\/index.php\/wp-json\/wp\/v2\/media\/7591"}],"wp:attachment":[{"href":"https:\/\/lydogkabel.dk\/index.php\/wp-json\/wp\/v2\/media?parent=7626"}],"wp:term":[{"taxonomy":"product_brand","embeddable":true,"href":"https:\/\/lydogkabel.dk\/index.php\/wp-json\/wp\/v2\/product_brand?post=7626"},{"taxonomy":"product_cat","embeddable":true,"href":"https:\/\/lydogkabel.dk\/index.php\/wp-json\/wp\/v2\/product_cat?post=7626"},{"taxonomy":"product_tag","embeddable":true,"href":"https:\/\/lydogkabel.dk\/index.php\/wp-json\/wp\/v2\/product_tag?post=7626"}],"curies":[{"name":"wp","href":"https:\/\/api.w.org\/{rel}","templated":true}]}}