{"id":7379,"date":"2026-01-19T15:49:54","date_gmt":"2026-01-19T14:49:54","guid":{"rendered":"https:\/\/lydogkabel.dk\/?post_type=product&#038;p=7379"},"modified":"2026-01-19T16:00:39","modified_gmt":"2026-01-19T15:00:39","slug":"kiss-asylum","status":"publish","type":"product","link":"https:\/\/lydogkabel.dk\/index.php\/vare\/kiss-asylum\/","title":{"rendered":"Kiss &#8211; Asylum"},"content":{"rendered":"","protected":false},"excerpt":{"rendered":"<p>Desv\u00e6rre er der et m\u00e6rke efter en sticker som vist p\u00e5 billeder ellers [&hellip;]<\/p>\n","protected":false},"featured_media":7356,"template":"","meta":{"_acf_changed":false},"product_brand":[],"product_cat":[1135],"product_tag":[2876,160,361,228,1857],"class_list":{"0":"post-7379","1":"product","2":"type-product","3":"status-publish","4":"has-post-thumbnail","6":"product_cat-brugte-lper","7":"product_tag-asylum","8":"product_tag-brugt","9":"product_tag-kiss","10":"product_tag-lp","11":"product_tag-rock","13":"first","14":"instock","15":"taxable","16":"shipping-taxable","17":"purchasable","18":"product-type-simple"},"acf":[],"_links":{"self":[{"href":"https:\/\/lydogkabel.dk\/index.php\/wp-json\/wp\/v2\/product\/7379","targetHints":{"allow":["GET"]}}],"collection":[{"href":"https:\/\/lydogkabel.dk\/index.php\/wp-json\/wp\/v2\/product"}],"about":[{"href":"https:\/\/lydogkabel.dk\/index.php\/wp-json\/wp\/v2\/types\/product"}],"wp:featuredmedia":[{"embeddable":true,"href":"https:\/\/lydogkabel.dk\/index.php\/wp-json\/wp\/v2\/media\/7356"}],"wp:attachment":[{"href":"https:\/\/lydogkabel.dk\/index.php\/wp-json\/wp\/v2\/media?parent=7379"}],"wp:term":[{"taxonomy":"product_brand","embeddable":true,"href":"https:\/\/lydogkabel.dk\/index.php\/wp-json\/wp\/v2\/product_brand?post=7379"},{"taxonomy":"product_cat","embeddable":true,"href":"https:\/\/lydogkabel.dk\/index.php\/wp-json\/wp\/v2\/product_cat?post=7379"},{"taxonomy":"product_tag","embeddable":true,"href":"https:\/\/lydogkabel.dk\/index.php\/wp-json\/wp\/v2\/product_tag?post=7379"}],"curies":[{"name":"wp","href":"https:\/\/api.w.org\/{rel}","templated":true}]}}