{"id":7293,"date":"2025-11-12T14:35:17","date_gmt":"2025-11-12T13:35:17","guid":{"rendered":"https:\/\/lydogkabel.dk\/?post_type=product&#038;p=7293"},"modified":"2025-11-12T14:36:30","modified_gmt":"2025-11-12T13:36:30","slug":"xindak-xa8550-brugt","status":"publish","type":"product","link":"https:\/\/lydogkabel.dk\/index.php\/vare\/xindak-xa8550-brugt\/","title":{"rendered":"Xindak XA8550 (brugt)"},"content":{"rendered":"<p>Dette er en st\u00e6rk effektforst\u00e6rker som driver selv meget sv\u00e6re h\u00f8jttalere. Denne er kommet ind, da kunden \u00f8nskede en opgradering (en anden Xindak effekt). Den er tidligere k\u00f8bt i vores butik og st\u00e5r meget flot (som ny). Den er selvf\u00f8lgelig gennemg\u00e5et og fundet 100% i orden.<\/p>\n","protected":false},"excerpt":{"rendered":"<ul>\n<li data-start=\"395\" data-end=\"482\">\n<p data-start=\"397\" data-end=\"482\">Signal-til-st\u00f8j forhold (S\/N Ratio): \u2265 95 dB.<\/p>\n<\/li>\n<li [&hellip;] \n\n","protected":false},"featured_media":7294,"template":"","meta":{"_acf_changed":false},"product_brand":[],"product_cat":[158,46],"product_tag":[168,2900,26],"class_list":{"0":"post-7293","1":"product","2":"type-product","3":"status-publish","4":"has-post-thumbnail","6":"product_cat-effekt-forstaerkere","7":"product_cat-brugt-og-demo-salg","8":"product_tag-effektforstaerker","9":"product_tag-xa8550","10":"product_tag-xindak","12":"first","13":"instock","14":"sale","15":"taxable","16":"shipping-taxable","17":"purchasable","18":"product-type-simple"},"acf":[],"_links":{"self":[{"href":"https:\/\/lydogkabel.dk\/index.php\/wp-json\/wp\/v2\/product\/7293","targetHints":{"allow":["GET"]}}],"collection":[{"href":"https:\/\/lydogkabel.dk\/index.php\/wp-json\/wp\/v2\/product"}],"about":[{"href":"https:\/\/lydogkabel.dk\/index.php\/wp-json\/wp\/v2\/types\/product"}],"wp:featuredmedia":[{"embeddable":true,"href":"https:\/\/lydogkabel.dk\/index.php\/wp-json\/wp\/v2\/media\/7294"}],"wp:attachment":[{"href":"https:\/\/lydogkabel.dk\/index.php\/wp-json\/wp\/v2\/media?parent=7293"}],"wp:term":[{"taxonomy":"product_brand","embeddable":true,"href":"https:\/\/lydogkabel.dk\/index.php\/wp-json\/wp\/v2\/product_brand?post=7293"},{"taxonomy":"product_cat","embeddable":true,"href":"https:\/\/lydogkabel.dk\/index.php\/wp-json\/wp\/v2\/product_cat?post=7293"},{"taxonomy":"product_tag","embeddable":true,"href":"https:\/\/lydogkabel.dk\/index.php\/wp-json\/wp\/v2\/product_tag?post=7293"}],"curies":[{"name":"wp","href":"https:\/\/api.w.org\/{rel}","templated":true}]}}