{"id":7289,"date":"2025-11-12T14:28:04","date_gmt":"2025-11-12T13:28:04","guid":{"rendered":"https:\/\/lydogkabel.dk\/?post_type=product&#038;p=7289"},"modified":"2025-11-12T14:28:05","modified_gmt":"2025-11-12T13:28:05","slug":"xindak-ca-jubilaeumsudgave","status":"publish","type":"product","link":"https:\/\/lydogkabel.dk\/index.php\/vare\/xindak-ca-jubilaeumsudgave\/","title":{"rendered":"Xindak CA Jubil\u00e6umsudgave"},"content":{"rendered":"<p>Dette er lige som den matchende effektforst\u00e6rker (PA) Xindaks fors\u00f8g p\u00e5 en kompromisl\u00f8s forforst\u00e6rker. 3 str\u00f8mforsyninger, Dual mono, meget lav forvr\u00e6ngning mv. Denne forforst\u00e6rker lyder intet mindre end fantastisk.<\/p>\n","protected":false},"excerpt":{"rendered":"<p>Produktet er et bestillingsprodukt men kan ses og lyttes til efter aftale. Pga [&hellip;]<\/p>\n","protected":false},"featured_media":7292,"template":"","meta":{"_acf_changed":false},"product_brand":[],"product_cat":[174],"product_tag":[2898,175,2899],"class_list":{"0":"post-7289","1":"product","2":"type-product","3":"status-publish","4":"has-post-thumbnail","6":"product_cat-forforstaerkere","7":"product_tag-20-aars-jubilaeumsudgave","8":"product_tag-forforstaerker","9":"product_tag-xindak-ca","11":"first","12":"outofstock","13":"taxable","14":"shipping-taxable","15":"product-type-simple"},"acf":[],"_links":{"self":[{"href":"https:\/\/lydogkabel.dk\/index.php\/wp-json\/wp\/v2\/product\/7289","targetHints":{"allow":["GET"]}}],"collection":[{"href":"https:\/\/lydogkabel.dk\/index.php\/wp-json\/wp\/v2\/product"}],"about":[{"href":"https:\/\/lydogkabel.dk\/index.php\/wp-json\/wp\/v2\/types\/product"}],"wp:featuredmedia":[{"embeddable":true,"href":"https:\/\/lydogkabel.dk\/index.php\/wp-json\/wp\/v2\/media\/7292"}],"wp:attachment":[{"href":"https:\/\/lydogkabel.dk\/index.php\/wp-json\/wp\/v2\/media?parent=7289"}],"wp:term":[{"taxonomy":"product_brand","embeddable":true,"href":"https:\/\/lydogkabel.dk\/index.php\/wp-json\/wp\/v2\/product_brand?post=7289"},{"taxonomy":"product_cat","embeddable":true,"href":"https:\/\/lydogkabel.dk\/index.php\/wp-json\/wp\/v2\/product_cat?post=7289"},{"taxonomy":"product_tag","embeddable":true,"href":"https:\/\/lydogkabel.dk\/index.php\/wp-json\/wp\/v2\/product_tag?post=7289"}],"curies":[{"name":"wp","href":"https:\/\/api.w.org\/{rel}","templated":true}]}}