{"id":7285,"date":"2025-11-12T14:15:38","date_gmt":"2025-11-12T13:15:38","guid":{"rendered":"https:\/\/lydogkabel.dk\/?post_type=product&#038;p=7285"},"modified":"2025-11-12T14:39:23","modified_gmt":"2025-11-12T13:39:23","slug":"xindak-pa-20-aars-jubilaeumsudgave","status":"publish","type":"product","link":"https:\/\/lydogkabel.dk\/index.php\/vare\/xindak-pa-20-aars-jubilaeumsudgave\/","title":{"rendered":"Xindak PA 20-\u00e5rs jubil\u00e6umsudgave"},"content":{"rendered":"<p>PA effektforst\u00e6rkeren er Xindaks fors\u00f8g ud i at lave en kompromisl\u00f8s effektforst\u00e6rker. 2 x 100 klasse A watt, og en kampv\u00e6gt p\u00e5 sm\u00e5 75kg. 24 s\u00e6t parallelkoblede transistorer (48 stk), og en st\u00e6rkstr\u00f8mforsyning g\u00f8r denne k\u00e6mpe i stand til at drive stort set hvad som helst.<\/p>\n<ul>\n<li data-start=\"1171\" data-end=\"1343\">\n<p data-start=\"1173\" data-end=\"1343\"><strong data-start=\"1173\" data-end=\"1192\">Klasse A-drift:<\/strong> Forst\u00e6rkeren arbejder konstant i aktiv str\u00f8mtilstand, hvilket giver meget lav forvr\u00e6ngning og naturlig, varm klang \u2013 men kr\u00e6ver stor varmeafledning.<\/p>\n<\/li>\n<li data-start=\"1344\" data-end=\"1474\">\n<p data-start=\"1346\" data-end=\"1474\"><strong data-start=\"1346\" data-end=\"1371\">Dual monaural design:<\/strong> Hver kanal har sin egen separate str\u00f8mforsyning og signalvej for maksimal kanalseparation.<\/p>\n<\/li>\n<li data-start=\"1580\" data-end=\"1716\">\n<p data-start=\"1582\" data-end=\"1716\"><strong data-start=\"1582\" data-end=\"1613\">Frekvensomr\u00e5de til 200 kHz:<\/strong> Ekstremt hurtig og line\u00e6r forst\u00e6rkning, velegnet til high-end audio og h\u00f8jopl\u00f8sningskilder.<\/p>\n<\/li>\n<\/ul>\n<p>&nbsp;<\/p>\n","protected":false},"excerpt":{"rendered":"<p>Produktet er en bestillingsvare men kan ses og lyttes til efter aftale. Desv\u00e6rre [&hellip;]<\/p>\n","protected":false},"featured_media":7286,"template":"","meta":{"_acf_changed":false},"product_brand":[],"product_cat":[158],"product_tag":[2898,176,49,26,2897],"class_list":{"0":"post-7285","1":"product","2":"type-product","3":"status-publish","4":"has-post-thumbnail","6":"product_cat-effekt-forstaerkere","7":"product_tag-20-aars-jubilaeumsudgave","8":"product_tag-effekt","9":"product_tag-forstaerker","10":"product_tag-xindak","11":"product_tag-xindak-pa","13":"first","14":"outofstock","15":"taxable","16":"shipping-taxable","17":"product-type-simple"},"acf":[],"_links":{"self":[{"href":"https:\/\/lydogkabel.dk\/index.php\/wp-json\/wp\/v2\/product\/7285","targetHints":{"allow":["GET"]}}],"collection":[{"href":"https:\/\/lydogkabel.dk\/index.php\/wp-json\/wp\/v2\/product"}],"about":[{"href":"https:\/\/lydogkabel.dk\/index.php\/wp-json\/wp\/v2\/types\/product"}],"wp:featuredmedia":[{"embeddable":true,"href":"https:\/\/lydogkabel.dk\/index.php\/wp-json\/wp\/v2\/media\/7286"}],"wp:attachment":[{"href":"https:\/\/lydogkabel.dk\/index.php\/wp-json\/wp\/v2\/media?parent=7285"}],"wp:term":[{"taxonomy":"product_brand","embeddable":true,"href":"https:\/\/lydogkabel.dk\/index.php\/wp-json\/wp\/v2\/product_brand?post=7285"},{"taxonomy":"product_cat","embeddable":true,"href":"https:\/\/lydogkabel.dk\/index.php\/wp-json\/wp\/v2\/product_cat?post=7285"},{"taxonomy":"product_tag","embeddable":true,"href":"https:\/\/lydogkabel.dk\/index.php\/wp-json\/wp\/v2\/product_tag?post=7285"}],"curies":[{"name":"wp","href":"https:\/\/api.w.org\/{rel}","templated":true}]}}