{"id":7022,"date":"2025-08-12T22:49:01","date_gmt":"2025-08-12T20:49:01","guid":{"rendered":"https:\/\/lydogkabel.dk\/?post_type=product&#038;p=7022"},"modified":"2025-08-12T22:49:03","modified_gmt":"2025-08-12T20:49:03","slug":"slaabrock-band-lev-staerkt-doe-tung","status":"publish","type":"product","link":"https:\/\/lydogkabel.dk\/index.php\/vare\/slaabrock-band-lev-staerkt-doe-tung\/","title":{"rendered":"Sl\u00e5brock Band &#8211; Lev St\u00e6rkt &#8211; D\u00f8 Tung"},"content":{"rendered":"","protected":false},"excerpt":{"rendered":"<p>Slid p\u00e5 cover som billedeeksempler (Split \u00f8verst) [&hellip;]<\/p>\n","protected":false},"featured_media":7028,"template":"","meta":{"_acf_changed":false},"product_brand":[],"product_cat":[1135],"product_tag":[160,2827,2826,228,2460],"class_list":{"0":"post-7022","1":"product","2":"type-product","3":"status-publish","4":"has-post-thumbnail","6":"product_cat-brugte-lper","7":"product_tag-brugt","8":"product_tag-doe-tung","9":"product_tag-lev-staerkt","10":"product_tag-lp","11":"product_tag-slaabrock-band","13":"first","14":"instock","15":"taxable","16":"shipping-taxable","17":"purchasable","18":"product-type-simple"},"acf":[],"_links":{"self":[{"href":"https:\/\/lydogkabel.dk\/index.php\/wp-json\/wp\/v2\/product\/7022","targetHints":{"allow":["GET"]}}],"collection":[{"href":"https:\/\/lydogkabel.dk\/index.php\/wp-json\/wp\/v2\/product"}],"about":[{"href":"https:\/\/lydogkabel.dk\/index.php\/wp-json\/wp\/v2\/types\/product"}],"wp:featuredmedia":[{"embeddable":true,"href":"https:\/\/lydogkabel.dk\/index.php\/wp-json\/wp\/v2\/media\/7028"}],"wp:attachment":[{"href":"https:\/\/lydogkabel.dk\/index.php\/wp-json\/wp\/v2\/media?parent=7022"}],"wp:term":[{"taxonomy":"product_brand","embeddable":true,"href":"https:\/\/lydogkabel.dk\/index.php\/wp-json\/wp\/v2\/product_brand?post=7022"},{"taxonomy":"product_cat","embeddable":true,"href":"https:\/\/lydogkabel.dk\/index.php\/wp-json\/wp\/v2\/product_cat?post=7022"},{"taxonomy":"product_tag","embeddable":true,"href":"https:\/\/lydogkabel.dk\/index.php\/wp-json\/wp\/v2\/product_tag?post=7022"}],"curies":[{"name":"wp","href":"https:\/\/api.w.org\/{rel}","templated":true}]}}