{"id":6868,"date":"2025-07-02T22:46:10","date_gmt":"2025-07-02T20:46:10","guid":{"rendered":"https:\/\/lydogkabel.dk\/?post_type=product&#038;p=6868"},"modified":"2025-10-01T19:13:11","modified_gmt":"2025-10-01T17:13:11","slug":"benjamin-hav-tesla-clear-vinyl","status":"publish","type":"product","link":"https:\/\/lydogkabel.dk\/index.php\/vare\/benjamin-hav-tesla-clear-vinyl\/","title":{"rendered":"Benjamin Hav &#8211; Tesla, Clear Vinyl"},"content":{"rendered":"<pre id=\"tw-target-text\" class=\"tw-data-text tw-text-large tw-ta\" dir=\"ltr\" data-placeholder=\"Overs\u00e6ttelse\" data-ved=\"2ahUKEwiXwemPhZ-OAxUEU1UIHThhAWMQ3ewLegQICRAV\" aria-label=\"Oversat tekst: Tesla af Benjamin Hav, udgivet 9. maj 2025, indeholder f\u00f8lgende numre: &quot;Min Ven&quot;, &quot;Jeg Kigger P\u00e5 Dig&quot;, &quot;G\u00e5&quot;, &quot;Velkommen&quot; og flere.\r\n\r\nDenne version af Tesla kommer som en 1xLP.\r\n\r\nVinylen er presset som en transparent, klar disk.\"><span class=\"Y2IQFc\" lang=\"da\">Tesla af Benjamin Hav, udgivet 9. maj 2025, indeholder f\u00f8lgende numre: \"Min Ven\", \"Jeg Kigger P\u00e5 Dig\", \"G\u00e5\", \"Velkommen\" og flere.\r\n\r\nDenne version af Tesla kommer som en 1xLP.\r\n\r\nVinylen er presset i transparent vinyl.<\/span><\/pre>\n","protected":false},"excerpt":{"rendered":"<ul>\n<li class=\"ng-star-inserted\">1. Nar Vi Letter<\/li>\n<li class=\"ng-star-inserted\">2. Den Dejligste Boy<\/li>\n<li class=\"ng-star-inserted\">3. [&hellip;]<br \/>\n","protected":false},"featured_media":6869,"template":"","meta":{"_acf_changed":false},"product_brand":[],"product_cat":[226],"product_tag":[2479,2773,2774,2478],"class_list":{"0":"post-6868","1":"product","2":"type-product","3":"status-publish","4":"has-post-thumbnail","6":"product_cat-nye-lper","7":"product_tag-benjamin-hav","8":"product_tag-clear-viny","9":"product_tag-lpl","10":"product_tag-tesla","12":"first","13":"instock","14":"taxable","15":"shipping-taxable","16":"purchasable","17":"product-type-simple"},"acf":[],"_links":{"self":[{"href":"https:\/\/lydogkabel.dk\/index.php\/wp-json\/wp\/v2\/product\/6868","targetHints":{"allow":["GET"]}}],"collection":[{"href":"https:\/\/lydogkabel.dk\/index.php\/wp-json\/wp\/v2\/product"}],"about":[{"href":"https:\/\/lydogkabel.dk\/index.php\/wp-json\/wp\/v2\/types\/product"}],"wp:featuredmedia":[{"embeddable":true,"href":"https:\/\/lydogkabel.dk\/index.php\/wp-json\/wp\/v2\/media\/6869"}],"wp:attachment":[{"href":"https:\/\/lydogkabel.dk\/index.php\/wp-json\/wp\/v2\/media?parent=6868"}],"wp:term":[{"taxonomy":"product_brand","embeddable":true,"href":"https:\/\/lydogkabel.dk\/index.php\/wp-json\/wp\/v2\/product_brand?post=6868"},{"taxonomy":"product_cat","embeddable":true,"href":"https:\/\/lydogkabel.dk\/index.php\/wp-json\/wp\/v2\/product_cat?post=6868"},{"taxonomy":"product_tag","embeddable":true,"href":"https:\/\/lydogkabel.dk\/index.php\/wp-json\/wp\/v2\/product_tag?post=6868"}],"curies":[{"name":"wp","href":"https:\/\/api.w.org\/{rel}","templated":true}]}}