{"id":68,"date":"2019-09-19T11:51:43","date_gmt":"2019-09-19T09:51:43","guid":{"rendered":"http:\/\/lydogkabel.dk\/index.php\/vare\/import-placeholder-for-926\/"},"modified":"2019-09-19T11:54:00","modified_gmt":"2019-09-19T09:54:00","slug":"system-audio-saxo-5-active-saet","status":"publish","type":"product","link":"https:\/\/lydogkabel.dk\/index.php\/vare\/system-audio-saxo-5-active-saet\/","title":{"rendered":"System-Audio Saxo 5 Active (S\u00c6T)"},"content":{"rendered":"<p>SA Saxo 5 active bygger videre p\u00e5 den succesfulde formel, der har skabt den prisvindende SA Saxo 1 active. Ligesom sit ophav, er den nye 5\u00b4er bygget af tr\u00e6, fordi det giver den bedste lyd. H\u00f8jttaleren anvender den patenterede akustiske DXT-linse, der g\u00f8r, at du kan nyde den gode lyd overalt i stuen.<\/p>\n<p>For at g\u00e5 foran med et godt eksempel, har SA arbejdet intenst med h\u00f8jttalerens str\u00f8mforbrug og det er lykkedes at minimere stand by, s\u00e5 den kun er p\u00e5 0.5 Watt. SA Saxo 5 active bruger dermed kun halvt s\u00e5 meget str\u00f8m i forhold til tilsvarende h\u00f8jttalere.<\/p>\n<p><strong>Oplevelsen s\u00e6tter nye standarder<\/strong><\/p>\n<p>Hvis du aldrig har h\u00f8rt din yndlingsmusik fra din smartphone gennem et par SA h\u00f8jttalere, s\u00e5 er det sv\u00e6rt for dig at vide, hvad du er g\u00e5et glip af.<\/p>\n<p>Hvis du heller ikke har oplevet, hvordan gode h\u00f8jttalere kan forvandle TV-oplevelser til n\u00e6rv\u00e6rende og gribende \u00f8jeblikke, s\u00e5 har vi en ny verden til dig.<\/p>\n<p>SA Saxo 5 active er en fuldblods h\u00f8jttaler. En \u00e6gte performer, der ikke har ret meget til f\u00e6lles med andre h\u00f8jttalere, der kan overf\u00f8re musikken ved hj\u00e6lp af Bluetooth.<\/p>\n<p>H\u00f8jttalerens kraftige forst\u00e6rkere er udviklet af SA og er gennem musikalske, som du kender det fra rigtig HiFi. Her f\u00e5r du alt fra musikkens sarte detaljer, til stortrommens taktfaste dunk leveret i et lydbillede med overskud og n\u00e6rv\u00e6r.<\/p>\n<p>For virkelig at flytte gr\u00e6nserne, har SA udviklet en ny 13 cm bash\u00f8jttaler med en ekstremt let membran, der f\u00e5r lydens nuancer til at fremst\u00e5 tydeligt og klare.<\/p>\n<p>Sammen med din smartphone, tablet eller computer, udg\u00f8r et par SA Saxo 5 active h\u00f8jttalere et komplet og tr\u00e5dl\u00f8st musiksystem. Mere skal der ikke til.<\/p>\n<p>Du kan tilslutte dit TV til h\u00f8jttalerne og f\u00e5 en langt bedre lydoplevelse end TV\u2019ets egne h\u00f8jttalere kan levere. Du kan bruge h\u00f8jttalerne sammen med en CD eller en DVD. Du kan tilslutte en subwoofer, hvis du vil have kraftigere bas og h\u00f8jttalerne kan endda oplade din mobiltelefon.<\/p>\n","protected":false},"excerpt":{"rendered":"<p>System-Audio har gjort det igen!<\/p>\n<p>Skabt en tr\u00e5dl\u00f8s h\u00f8jttaler, der er bedre end markedets [&hellip;]<\/p>\n","protected":false},"featured_media":137,"template":"","meta":{"_acf_changed":false},"product_brand":[],"product_cat":[103],"product_tag":[99,93,100,94,101,97,102],"class_list":{"0":"post-68","1":"product","2":"type-product","3":"status-publish","4":"has-post-thumbnail","6":"product_cat-aktive-hoejttalere","7":"product_tag-aktiv","8":"product_tag-hoejttaler","9":"product_tag-hoejttalere","10":"product_tag-kompakt-hoejttaler","11":"product_tag-sa","12":"product_tag-stander-hoejttaler","13":"product_tag-system-audio","15":"first","16":"instock","17":"taxable","18":"shipping-taxable","19":"purchasable","20":"product-type-variable"},"acf":[],"_links":{"self":[{"href":"https:\/\/lydogkabel.dk\/index.php\/wp-json\/wp\/v2\/product\/68","targetHints":{"allow":["GET"]}}],"collection":[{"href":"https:\/\/lydogkabel.dk\/index.php\/wp-json\/wp\/v2\/product"}],"about":[{"href":"https:\/\/lydogkabel.dk\/index.php\/wp-json\/wp\/v2\/types\/product"}],"wp:featuredmedia":[{"embeddable":true,"href":"https:\/\/lydogkabel.dk\/index.php\/wp-json\/wp\/v2\/media\/137"}],"wp:attachment":[{"href":"https:\/\/lydogkabel.dk\/index.php\/wp-json\/wp\/v2\/media?parent=68"}],"wp:term":[{"taxonomy":"product_brand","embeddable":true,"href":"https:\/\/lydogkabel.dk\/index.php\/wp-json\/wp\/v2\/product_brand?post=68"},{"taxonomy":"product_cat","embeddable":true,"href":"https:\/\/lydogkabel.dk\/index.php\/wp-json\/wp\/v2\/product_cat?post=68"},{"taxonomy":"product_tag","embeddable":true,"href":"https:\/\/lydogkabel.dk\/index.php\/wp-json\/wp\/v2\/product_tag?post=68"}],"curies":[{"name":"wp","href":"https:\/\/api.w.org\/{rel}","templated":true}]}}