{"id":6643,"date":"2025-03-05T14:57:15","date_gmt":"2025-03-05T13:57:15","guid":{"rendered":"https:\/\/lydogkabel.dk\/?post_type=product&#038;p=6643"},"modified":"2026-03-03T21:19:05","modified_gmt":"2026-03-03T20:19:05","slug":"sivga-robin","status":"publish","type":"product","link":"https:\/\/lydogkabel.dk\/index.php\/vare\/sivga-robin\/","title":{"rendered":"Sivga Robin (NY)"},"content":{"rendered":"<p>Sivga Robin hi-fi-hovedtelefonerne er lukkede hovedtelefoner med enheder med en diameter p\u00e5 50 mm. Den er lige s\u00e5 stilfuld som den er komfortabel og er prydet med massive tr\u00e6stykker med h\u00e5ndlavede finishes.<\/p>\n","protected":false},"excerpt":{"rendered":"<h2>Anmelder rost h\u00e5ndlavede Hifi hovedtelefoner<\/h2>\n<p>Sivga Robin. Bygge\/samlekvaliteten overstiger langt prisskiltet. De er b\u00e5de [&hellip;]<\/p>\n","protected":false},"featured_media":6644,"template":"","meta":{"_acf_changed":false},"product_brand":[],"product_cat":[842,396,46],"product_tag":[1871,844,1869,2715,1870],"class_list":{"0":"post-6643","1":"product","2":"type-product","3":"status-publish","4":"has-post-thumbnail","6":"product_cat-headphones","7":"product_cat-hovedtelefoner","8":"product_cat-brugt-og-demo-salg","9":"product_tag-head-fi","10":"product_tag-headphones","11":"product_tag-hoeretelefoner","12":"product_tag-robin","13":"product_tag-sivga","15":"first","16":"instock","17":"sale","18":"taxable","19":"shipping-taxable","20":"purchasable","21":"product-type-simple"},"acf":[],"_links":{"self":[{"href":"https:\/\/lydogkabel.dk\/index.php\/wp-json\/wp\/v2\/product\/6643","targetHints":{"allow":["GET"]}}],"collection":[{"href":"https:\/\/lydogkabel.dk\/index.php\/wp-json\/wp\/v2\/product"}],"about":[{"href":"https:\/\/lydogkabel.dk\/index.php\/wp-json\/wp\/v2\/types\/product"}],"wp:featuredmedia":[{"embeddable":true,"href":"https:\/\/lydogkabel.dk\/index.php\/wp-json\/wp\/v2\/media\/6644"}],"wp:attachment":[{"href":"https:\/\/lydogkabel.dk\/index.php\/wp-json\/wp\/v2\/media?parent=6643"}],"wp:term":[{"taxonomy":"product_brand","embeddable":true,"href":"https:\/\/lydogkabel.dk\/index.php\/wp-json\/wp\/v2\/product_brand?post=6643"},{"taxonomy":"product_cat","embeddable":true,"href":"https:\/\/lydogkabel.dk\/index.php\/wp-json\/wp\/v2\/product_cat?post=6643"},{"taxonomy":"product_tag","embeddable":true,"href":"https:\/\/lydogkabel.dk\/index.php\/wp-json\/wp\/v2\/product_tag?post=6643"}],"curies":[{"name":"wp","href":"https:\/\/api.w.org\/{rel}","templated":true}]}}