{"id":66,"date":"2019-09-19T11:51:43","date_gmt":"2019-09-19T09:51:43","guid":{"rendered":"http:\/\/lydogkabel.dk\/index.php\/vare\/import-placeholder-for-883\/"},"modified":"2021-03-26T09:50:21","modified_gmt":"2021-03-26T08:50:21","slug":"xavian-orfeo-saet","status":"publish","type":"product","link":"https:\/\/lydogkabel.dk\/index.php\/vare\/xavian-orfeo-saet\/","title":{"rendered":"XAVIAN ORFEO (S\u00c6T)"},"content":{"rendered":"<p>25 \u00e5rs audio-ingeni\u00f8rm\u00e6ssig erfaring koncentreret i en tovejs reference h\u00f8jttaler i verdensklasse. Det er hvad Roberto Barletta har proppet i denne vidunderlige h\u00f8jttaler.<\/p>\n<p>Naturlighed, sammenh\u00e6ng, dynamik, lav forvr\u00e6ngning: Alle p\u00e5 et rekordh\u00f8jt niveau. For at opn\u00e5 disse resultater, har Xavian brugt deres lange erfaring i samarbejde med de skandinaviske producenter af h\u00f8jttalerenheder, og er p\u00e5 denne baggrund begyndt at producere deres eget unikke brand, &#8220;AudioBarletta&#8221;. Xavian tr\u00e6kker mekaniske dele, udv\u00e6lger membraner, impr\u00e6gnering, materialer og former til at opfylde deres dr\u00f8m om perfekt musikgengivelse. <\/p>\n<p>Orfeos kabinet er  fremstillet udelukkende af udvalgt italiensk valn\u00f8d. Her er intet laminat, men udelukkende ren massivt tr\u00e6. Tr\u00e6et skal &#8220;modne&#8221; tre uger for at kunne formales og f\u00f8rst herefter kan processen igang s\u00e6ttes.<\/p>\n<p>Delefiltrene er sammensat af de bedste komponenter verden kan frembringe. Valget af komponenter er udelukkende p\u00e5virket af deres musikalske kvaliteter. Delefiltrene i Xavian bruger Xavian\u00b4s eget system &#8220;Fase Zero&#8221; for perfekt fasesammenh\u00e6ngs respons.<\/p>\n<p>Xavian Orfeo vil \u00e6ndre parametrene for kvalitet i sin prisklasse verden over.<\/p>\n<p>Kom ned i vores butik og lyt til disse vanvittigt vellydende og smukke h\u00f8jttalere fra Xavian.<\/p>\n<p>Prisen er eksklusiv Standere<\/p>\n","protected":false},"excerpt":{"rendered":"<p>L\u00e6ngsel efter det umulige? <\/p>\n<p>Ekstreme l\u00f8sninger p\u00e5 alle niveauer. Eksklusive udvalgte drivere &#8220;AudioBarletta&#8221;, [&hellip;]<\/p>\n","protected":false},"featured_media":100,"template":"","meta":{"_acf_changed":false},"product_brand":[],"product_cat":[91],"product_tag":[92,93,94,95,96,97,98],"class_list":{"0":"post-66","1":"product","2":"type-product","3":"status-publish","4":"has-post-thumbnail","6":"product_cat-stander-kompakt-hoejttalere","7":"product_tag-bookshelf","8":"product_tag-hoejttaler","9":"product_tag-kompakt-hoejttaler","10":"product_tag-orfeo","11":"product_tag-stander","12":"product_tag-stander-hoejttaler","13":"product_tag-xavian","15":"first","16":"outofstock","17":"taxable","18":"shipping-taxable","19":"purchasable","20":"product-type-simple"},"acf":[],"_links":{"self":[{"href":"https:\/\/lydogkabel.dk\/index.php\/wp-json\/wp\/v2\/product\/66","targetHints":{"allow":["GET"]}}],"collection":[{"href":"https:\/\/lydogkabel.dk\/index.php\/wp-json\/wp\/v2\/product"}],"about":[{"href":"https:\/\/lydogkabel.dk\/index.php\/wp-json\/wp\/v2\/types\/product"}],"wp:featuredmedia":[{"embeddable":true,"href":"https:\/\/lydogkabel.dk\/index.php\/wp-json\/wp\/v2\/media\/100"}],"wp:attachment":[{"href":"https:\/\/lydogkabel.dk\/index.php\/wp-json\/wp\/v2\/media?parent=66"}],"wp:term":[{"taxonomy":"product_brand","embeddable":true,"href":"https:\/\/lydogkabel.dk\/index.php\/wp-json\/wp\/v2\/product_brand?post=66"},{"taxonomy":"product_cat","embeddable":true,"href":"https:\/\/lydogkabel.dk\/index.php\/wp-json\/wp\/v2\/product_cat?post=66"},{"taxonomy":"product_tag","embeddable":true,"href":"https:\/\/lydogkabel.dk\/index.php\/wp-json\/wp\/v2\/product_tag?post=66"}],"curies":[{"name":"wp","href":"https:\/\/api.w.org\/{rel}","templated":true}]}}