{"id":6466,"date":"2025-02-08T22:33:28","date_gmt":"2025-02-08T21:33:28","guid":{"rendered":"https:\/\/lydogkabel.dk\/?post_type=product&#038;p=6466"},"modified":"2025-02-08T22:33:29","modified_gmt":"2025-02-08T21:33:29","slug":"red-hot-and-blue","status":"publish","type":"product","link":"https:\/\/lydogkabel.dk\/index.php\/vare\/red-hot-and-blue\/","title":{"rendered":"Red, Hot And Blue"},"content":{"rendered":"","protected":false},"excerpt":{"rendered":"<p>Skade nederste h\u00f8jre hj\u00f8rne p\u00e5 cover ellers fin. [&hellip;]<\/p>\n","protected":false},"featured_media":6418,"template":"","meta":{"_acf_changed":false},"product_brand":[],"product_cat":[1135],"product_tag":[2653,160,2649,2651,228,1716,140,2652,643,2631],"class_list":{"0":"post-6466","1":"product","2":"type-product","3":"status-publish","4":"has-post-thumbnail","6":"product_cat-brugte-lper","7":"product_tag-annie-lennox","8":"product_tag-brugt","9":"product_tag-erasure","10":"product_tag-hot-and-blue","11":"product_tag-lp","12":"product_tag-opsamling","13":"product_tag-red","14":"product_tag-sinead-oconnor","15":"product_tag-tom-waits","16":"product_tag-u2","18":"first","19":"instock","20":"taxable","21":"shipping-taxable","22":"purchasable","23":"product-type-simple"},"acf":[],"_links":{"self":[{"href":"https:\/\/lydogkabel.dk\/index.php\/wp-json\/wp\/v2\/product\/6466","targetHints":{"allow":["GET"]}}],"collection":[{"href":"https:\/\/lydogkabel.dk\/index.php\/wp-json\/wp\/v2\/product"}],"about":[{"href":"https:\/\/lydogkabel.dk\/index.php\/wp-json\/wp\/v2\/types\/product"}],"wp:featuredmedia":[{"embeddable":true,"href":"https:\/\/lydogkabel.dk\/index.php\/wp-json\/wp\/v2\/media\/6418"}],"wp:attachment":[{"href":"https:\/\/lydogkabel.dk\/index.php\/wp-json\/wp\/v2\/media?parent=6466"}],"wp:term":[{"taxonomy":"product_brand","embeddable":true,"href":"https:\/\/lydogkabel.dk\/index.php\/wp-json\/wp\/v2\/product_brand?post=6466"},{"taxonomy":"product_cat","embeddable":true,"href":"https:\/\/lydogkabel.dk\/index.php\/wp-json\/wp\/v2\/product_cat?post=6466"},{"taxonomy":"product_tag","embeddable":true,"href":"https:\/\/lydogkabel.dk\/index.php\/wp-json\/wp\/v2\/product_tag?post=6466"}],"curies":[{"name":"wp","href":"https:\/\/api.w.org\/{rel}","templated":true}]}}