{"id":6363,"date":"2025-02-02T22:50:51","date_gmt":"2025-02-02T21:50:51","guid":{"rendered":"https:\/\/lydogkabel.dk\/?post_type=product&#038;p=6363"},"modified":"2025-02-02T22:51:00","modified_gmt":"2025-02-02T21:51:00","slug":"fauli-til-dauli-2020","status":"publish","type":"product","link":"https:\/\/lydogkabel.dk\/index.php\/vare\/fauli-til-dauli-2020\/","title":{"rendered":"Fauli Til Dauli (2020)"},"content":{"rendered":"","protected":false},"excerpt":{"rendered":"<p>Den er vel s\u00e5 t\u00e6t p\u00e5 at v\u00e6re s\u00e5 flot som det kan [&hellip;]<\/p>\n","protected":false},"featured_media":6306,"template":"","meta":{"_acf_changed":false},"product_brand":[],"product_cat":[1135],"product_tag":[160,2098,228],"class_list":{"0":"post-6363","1":"product","2":"type-product","3":"status-publish","4":"has-post-thumbnail","6":"product_cat-brugte-lper","7":"product_tag-brugt","8":"product_tag-fauli-til-dauli","9":"product_tag-lp","11":"first","12":"instock","13":"taxable","14":"shipping-taxable","15":"purchasable","16":"product-type-simple"},"acf":[],"_links":{"self":[{"href":"https:\/\/lydogkabel.dk\/index.php\/wp-json\/wp\/v2\/product\/6363","targetHints":{"allow":["GET"]}}],"collection":[{"href":"https:\/\/lydogkabel.dk\/index.php\/wp-json\/wp\/v2\/product"}],"about":[{"href":"https:\/\/lydogkabel.dk\/index.php\/wp-json\/wp\/v2\/types\/product"}],"wp:featuredmedia":[{"embeddable":true,"href":"https:\/\/lydogkabel.dk\/index.php\/wp-json\/wp\/v2\/media\/6306"}],"wp:attachment":[{"href":"https:\/\/lydogkabel.dk\/index.php\/wp-json\/wp\/v2\/media?parent=6363"}],"wp:term":[{"taxonomy":"product_brand","embeddable":true,"href":"https:\/\/lydogkabel.dk\/index.php\/wp-json\/wp\/v2\/product_brand?post=6363"},{"taxonomy":"product_cat","embeddable":true,"href":"https:\/\/lydogkabel.dk\/index.php\/wp-json\/wp\/v2\/product_cat?post=6363"},{"taxonomy":"product_tag","embeddable":true,"href":"https:\/\/lydogkabel.dk\/index.php\/wp-json\/wp\/v2\/product_tag?post=6363"}],"curies":[{"name":"wp","href":"https:\/\/api.w.org\/{rel}","templated":true}]}}