{"id":5820,"date":"2024-12-28T21:32:05","date_gmt":"2024-12-28T20:32:05","guid":{"rendered":"https:\/\/lydogkabel.dk\/?post_type=product&#038;p=5820"},"modified":"2024-12-28T21:32:06","modified_gmt":"2024-12-28T20:32:06","slug":"boern-fra-roholmskolen-midt-i-en-skolemad","status":"publish","type":"product","link":"https:\/\/lydogkabel.dk\/index.php\/vare\/boern-fra-roholmskolen-midt-i-en-skolemad\/","title":{"rendered":"B\u00f8rn Fra Roholmskolen &#8211; Midt I En Skolemad"},"content":{"rendered":"","protected":false},"excerpt":{"rendered":"<p>Stikker p\u00e5 cover \u00f8verste venstre hj\u00f8rne, wear som p\u00e5 billeder. [&hellip;]<\/p>\n","protected":false},"featured_media":5797,"template":"","meta":{"_acf_changed":false},"product_brand":[],"product_cat":[1135],"product_tag":[2516,160,228,2515],"class_list":{"0":"post-5820","1":"product","2":"type-product","3":"status-publish","4":"has-post-thumbnail","6":"product_cat-brugte-lper","7":"product_tag-boern-fra-roholmskolen","8":"product_tag-brugt","9":"product_tag-lp","10":"product_tag-midt-i-en-skolemad","12":"first","13":"instock","14":"taxable","15":"shipping-taxable","16":"purchasable","17":"product-type-simple"},"acf":[],"_links":{"self":[{"href":"https:\/\/lydogkabel.dk\/index.php\/wp-json\/wp\/v2\/product\/5820","targetHints":{"allow":["GET"]}}],"collection":[{"href":"https:\/\/lydogkabel.dk\/index.php\/wp-json\/wp\/v2\/product"}],"about":[{"href":"https:\/\/lydogkabel.dk\/index.php\/wp-json\/wp\/v2\/types\/product"}],"wp:featuredmedia":[{"embeddable":true,"href":"https:\/\/lydogkabel.dk\/index.php\/wp-json\/wp\/v2\/media\/5797"}],"wp:attachment":[{"href":"https:\/\/lydogkabel.dk\/index.php\/wp-json\/wp\/v2\/media?parent=5820"}],"wp:term":[{"taxonomy":"product_brand","embeddable":true,"href":"https:\/\/lydogkabel.dk\/index.php\/wp-json\/wp\/v2\/product_brand?post=5820"},{"taxonomy":"product_cat","embeddable":true,"href":"https:\/\/lydogkabel.dk\/index.php\/wp-json\/wp\/v2\/product_cat?post=5820"},{"taxonomy":"product_tag","embeddable":true,"href":"https:\/\/lydogkabel.dk\/index.php\/wp-json\/wp\/v2\/product_tag?post=5820"}],"curies":[{"name":"wp","href":"https:\/\/api.w.org\/{rel}","templated":true}]}}