{"id":5818,"date":"2024-12-28T21:23:01","date_gmt":"2024-12-28T20:23:01","guid":{"rendered":"https:\/\/lydogkabel.dk\/?post_type=product&#038;p=5818"},"modified":"2024-12-28T21:24:39","modified_gmt":"2024-12-28T20:24:39","slug":"the-smiths-rank","status":"publish","type":"product","link":"https:\/\/lydogkabel.dk\/index.php\/vare\/the-smiths-rank\/","title":{"rendered":"The Smiths &#8211; &#8220;Rank&#8221;"},"content":{"rendered":"","protected":false},"excerpt":{"rendered":"<p>Coveret har tryk \u00f8verste venstre hj\u00f8rne samt r\u00f8d stikker og cut \u00f8verste h\u00f8jre [&hellip;]<\/p>\n","protected":false},"featured_media":5808,"template":"","meta":{"_acf_changed":false},"product_brand":[],"product_cat":[1135],"product_tag":[160,228,2513,2512],"class_list":{"0":"post-5818","1":"product","2":"type-product","3":"status-publish","4":"has-post-thumbnail","6":"product_cat-brugte-lper","7":"product_tag-brugt","8":"product_tag-lp","9":"product_tag-rank","10":"product_tag-the-smiths","12":"first","13":"instock","14":"taxable","15":"shipping-taxable","16":"purchasable","17":"product-type-simple"},"acf":[],"_links":{"self":[{"href":"https:\/\/lydogkabel.dk\/index.php\/wp-json\/wp\/v2\/product\/5818","targetHints":{"allow":["GET"]}}],"collection":[{"href":"https:\/\/lydogkabel.dk\/index.php\/wp-json\/wp\/v2\/product"}],"about":[{"href":"https:\/\/lydogkabel.dk\/index.php\/wp-json\/wp\/v2\/types\/product"}],"wp:featuredmedia":[{"embeddable":true,"href":"https:\/\/lydogkabel.dk\/index.php\/wp-json\/wp\/v2\/media\/5808"}],"wp:attachment":[{"href":"https:\/\/lydogkabel.dk\/index.php\/wp-json\/wp\/v2\/media?parent=5818"}],"wp:term":[{"taxonomy":"product_brand","embeddable":true,"href":"https:\/\/lydogkabel.dk\/index.php\/wp-json\/wp\/v2\/product_brand?post=5818"},{"taxonomy":"product_cat","embeddable":true,"href":"https:\/\/lydogkabel.dk\/index.php\/wp-json\/wp\/v2\/product_cat?post=5818"},{"taxonomy":"product_tag","embeddable":true,"href":"https:\/\/lydogkabel.dk\/index.php\/wp-json\/wp\/v2\/product_tag?post=5818"}],"curies":[{"name":"wp","href":"https:\/\/api.w.org\/{rel}","templated":true}]}}