{"id":5525,"date":"2024-11-21T23:08:05","date_gmt":"2024-11-21T22:08:05","guid":{"rendered":"https:\/\/lydogkabel.dk\/?post_type=product&#038;p=5525"},"modified":"2024-11-21T23:08:07","modified_gmt":"2024-11-21T22:08:07","slug":"troels-trier-kys-froeen","status":"publish","type":"product","link":"https:\/\/lydogkabel.dk\/index.php\/vare\/troels-trier-kys-froeen\/","title":{"rendered":"Troels Trier &#8211; Kys Fr\u00f8en"},"content":{"rendered":"","protected":false},"excerpt":{"rendered":"<p>Mine tryk \u00f8verste og nederste h\u00f8jre hj\u00f8rne. Sticker top h\u00f8jre hj\u00f8rne, lidt ring [&hellip;]<\/p>\n","protected":false},"featured_media":5495,"template":"","meta":{"_acf_changed":false},"product_brand":[],"product_cat":[1135],"product_tag":[160,2403,228,2404],"class_list":{"0":"post-5525","1":"product","2":"type-product","3":"status-publish","4":"has-post-thumbnail","6":"product_cat-brugte-lper","7":"product_tag-brugt","8":"product_tag-kys-froeen","9":"product_tag-lp","10":"product_tag-troels-trier","12":"first","13":"instock","14":"taxable","15":"shipping-taxable","16":"purchasable","17":"product-type-simple"},"acf":[],"_links":{"self":[{"href":"https:\/\/lydogkabel.dk\/index.php\/wp-json\/wp\/v2\/product\/5525","targetHints":{"allow":["GET"]}}],"collection":[{"href":"https:\/\/lydogkabel.dk\/index.php\/wp-json\/wp\/v2\/product"}],"about":[{"href":"https:\/\/lydogkabel.dk\/index.php\/wp-json\/wp\/v2\/types\/product"}],"wp:featuredmedia":[{"embeddable":true,"href":"https:\/\/lydogkabel.dk\/index.php\/wp-json\/wp\/v2\/media\/5495"}],"wp:attachment":[{"href":"https:\/\/lydogkabel.dk\/index.php\/wp-json\/wp\/v2\/media?parent=5525"}],"wp:term":[{"taxonomy":"product_brand","embeddable":true,"href":"https:\/\/lydogkabel.dk\/index.php\/wp-json\/wp\/v2\/product_brand?post=5525"},{"taxonomy":"product_cat","embeddable":true,"href":"https:\/\/lydogkabel.dk\/index.php\/wp-json\/wp\/v2\/product_cat?post=5525"},{"taxonomy":"product_tag","embeddable":true,"href":"https:\/\/lydogkabel.dk\/index.php\/wp-json\/wp\/v2\/product_tag?post=5525"}],"curies":[{"name":"wp","href":"https:\/\/api.w.org\/{rel}","templated":true}]}}