{"id":5524,"date":"2024-11-21T23:05:08","date_gmt":"2024-11-21T22:05:08","guid":{"rendered":"https:\/\/lydogkabel.dk\/?post_type=product&#038;p=5524"},"modified":"2024-11-21T23:05:10","modified_gmt":"2024-11-21T22:05:10","slug":"the-beatles-with-the-beatles","status":"publish","type":"product","link":"https:\/\/lydogkabel.dk\/index.php\/vare\/the-beatles-with-the-beatles\/","title":{"rendered":"The Beatles &#8211; With The Beatles"},"content":{"rendered":"","protected":false},"excerpt":{"rendered":"<p>Meget fin plade. Cover har et bend \u00f8verste h\u00f8jre hj\u00f8rne. Dansk Tryk [&hellip;]<\/p>\n","protected":false},"featured_media":5501,"template":"","meta":{"_acf_changed":false},"product_brand":[],"product_cat":[1135],"product_tag":[160,1976,2400,228,2064,2402,658,2401],"class_list":{"0":"post-5524","1":"product","2":"type-product","3":"status-publish","4":"has-post-thumbnail","6":"product_cat-brugte-lper","7":"product_tag-brugt","8":"product_tag-george-harrison","9":"product_tag-john-lennon","10":"product_tag-lp","11":"product_tag-paul-mccartney","12":"product_tag-ringo-star","13":"product_tag-the-beatles","14":"product_tag-with-the-beatles","16":"first","17":"instock","18":"taxable","19":"shipping-taxable","20":"purchasable","21":"product-type-simple"},"acf":[],"_links":{"self":[{"href":"https:\/\/lydogkabel.dk\/index.php\/wp-json\/wp\/v2\/product\/5524","targetHints":{"allow":["GET"]}}],"collection":[{"href":"https:\/\/lydogkabel.dk\/index.php\/wp-json\/wp\/v2\/product"}],"about":[{"href":"https:\/\/lydogkabel.dk\/index.php\/wp-json\/wp\/v2\/types\/product"}],"wp:featuredmedia":[{"embeddable":true,"href":"https:\/\/lydogkabel.dk\/index.php\/wp-json\/wp\/v2\/media\/5501"}],"wp:attachment":[{"href":"https:\/\/lydogkabel.dk\/index.php\/wp-json\/wp\/v2\/media?parent=5524"}],"wp:term":[{"taxonomy":"product_brand","embeddable":true,"href":"https:\/\/lydogkabel.dk\/index.php\/wp-json\/wp\/v2\/product_brand?post=5524"},{"taxonomy":"product_cat","embeddable":true,"href":"https:\/\/lydogkabel.dk\/index.php\/wp-json\/wp\/v2\/product_cat?post=5524"},{"taxonomy":"product_tag","embeddable":true,"href":"https:\/\/lydogkabel.dk\/index.php\/wp-json\/wp\/v2\/product_tag?post=5524"}],"curies":[{"name":"wp","href":"https:\/\/api.w.org\/{rel}","templated":true}]}}