{"id":5369,"date":"2024-11-09T23:03:00","date_gmt":"2024-11-09T22:03:00","guid":{"rendered":"https:\/\/lydogkabel.dk\/?post_type=product&#038;p=5369"},"modified":"2024-11-09T23:05:58","modified_gmt":"2024-11-09T22:05:58","slug":"thelma-houston-pressure-cooker-ive-got-the-music-in-me","status":"publish","type":"product","link":"https:\/\/lydogkabel.dk\/index.php\/vare\/thelma-houston-pressure-cooker-ive-got-the-music-in-me\/","title":{"rendered":"Thelma Houston &#038; Pressure Cooker &#8211; I\u00b4ve Got The Music In Me"},"content":{"rendered":"","protected":false},"excerpt":{"rendered":"<p>Sticker \u00f8verste venstre hj\u00f8rne. Wear p\u00e5 cover som p\u00e5 billeder. [&hellip;]<\/p>\n","protected":false},"featured_media":5289,"template":"","meta":{"_acf_changed":false},"product_brand":[],"product_cat":[1135],"product_tag":[160,2360,228,2361,2359],"class_list":{"0":"post-5369","1":"product","2":"type-product","3":"status-publish","4":"has-post-thumbnail","6":"product_cat-brugte-lper","7":"product_tag-brugt","8":"product_tag-ive-got-the-music-in-me","9":"product_tag-lp","10":"product_tag-sheffield-lab","11":"product_tag-thelma-houston-pressure-cooker","13":"first","14":"instock","15":"taxable","16":"shipping-taxable","17":"purchasable","18":"product-type-simple"},"acf":[],"_links":{"self":[{"href":"https:\/\/lydogkabel.dk\/index.php\/wp-json\/wp\/v2\/product\/5369","targetHints":{"allow":["GET"]}}],"collection":[{"href":"https:\/\/lydogkabel.dk\/index.php\/wp-json\/wp\/v2\/product"}],"about":[{"href":"https:\/\/lydogkabel.dk\/index.php\/wp-json\/wp\/v2\/types\/product"}],"wp:featuredmedia":[{"embeddable":true,"href":"https:\/\/lydogkabel.dk\/index.php\/wp-json\/wp\/v2\/media\/5289"}],"wp:attachment":[{"href":"https:\/\/lydogkabel.dk\/index.php\/wp-json\/wp\/v2\/media?parent=5369"}],"wp:term":[{"taxonomy":"product_brand","embeddable":true,"href":"https:\/\/lydogkabel.dk\/index.php\/wp-json\/wp\/v2\/product_brand?post=5369"},{"taxonomy":"product_cat","embeddable":true,"href":"https:\/\/lydogkabel.dk\/index.php\/wp-json\/wp\/v2\/product_cat?post=5369"},{"taxonomy":"product_tag","embeddable":true,"href":"https:\/\/lydogkabel.dk\/index.php\/wp-json\/wp\/v2\/product_tag?post=5369"}],"curies":[{"name":"wp","href":"https:\/\/api.w.org\/{rel}","templated":true}]}}