{"id":5364,"date":"2024-11-09T22:32:13","date_gmt":"2024-11-09T21:32:13","guid":{"rendered":"https:\/\/lydogkabel.dk\/?post_type=product&#038;p=5364"},"modified":"2024-11-09T22:32:14","modified_gmt":"2024-11-09T21:32:14","slug":"paul-banks-banks","status":"publish","type":"product","link":"https:\/\/lydogkabel.dk\/index.php\/vare\/paul-banks-banks\/","title":{"rendered":"Paul Banks &#8211; Banks"},"content":{"rendered":"","protected":false},"excerpt":{"rendered":"<p>Ved f\u00f8rste \u00f8jekast ser cover helt ok ud, men ved n\u00e6rmere eftersyn har [&hellip;]<\/p>\n","protected":false},"featured_media":5345,"template":"","meta":{"_acf_changed":false},"product_brand":[],"product_cat":[1135],"product_tag":[2352,160,228,2351],"class_list":{"0":"post-5364","1":"product","2":"type-product","3":"status-publish","4":"has-post-thumbnail","6":"product_cat-brugte-lper","7":"product_tag-banks","8":"product_tag-brugt","9":"product_tag-lp","10":"product_tag-paul-banks","12":"first","13":"instock","14":"taxable","15":"shipping-taxable","16":"purchasable","17":"product-type-simple"},"acf":[],"_links":{"self":[{"href":"https:\/\/lydogkabel.dk\/index.php\/wp-json\/wp\/v2\/product\/5364","targetHints":{"allow":["GET"]}}],"collection":[{"href":"https:\/\/lydogkabel.dk\/index.php\/wp-json\/wp\/v2\/product"}],"about":[{"href":"https:\/\/lydogkabel.dk\/index.php\/wp-json\/wp\/v2\/types\/product"}],"wp:featuredmedia":[{"embeddable":true,"href":"https:\/\/lydogkabel.dk\/index.php\/wp-json\/wp\/v2\/media\/5345"}],"wp:attachment":[{"href":"https:\/\/lydogkabel.dk\/index.php\/wp-json\/wp\/v2\/media?parent=5364"}],"wp:term":[{"taxonomy":"product_brand","embeddable":true,"href":"https:\/\/lydogkabel.dk\/index.php\/wp-json\/wp\/v2\/product_brand?post=5364"},{"taxonomy":"product_cat","embeddable":true,"href":"https:\/\/lydogkabel.dk\/index.php\/wp-json\/wp\/v2\/product_cat?post=5364"},{"taxonomy":"product_tag","embeddable":true,"href":"https:\/\/lydogkabel.dk\/index.php\/wp-json\/wp\/v2\/product_tag?post=5364"}],"curies":[{"name":"wp","href":"https:\/\/api.w.org\/{rel}","templated":true}]}}