{"id":5363,"date":"2024-11-09T22:28:08","date_gmt":"2024-11-09T21:28:08","guid":{"rendered":"https:\/\/lydogkabel.dk\/?post_type=product&#038;p=5363"},"modified":"2024-11-09T22:28:09","modified_gmt":"2024-11-09T21:28:09","slug":"larsen-furious-jane-dolly","status":"publish","type":"product","link":"https:\/\/lydogkabel.dk\/index.php\/vare\/larsen-furious-jane-dolly\/","title":{"rendered":"Larsen &#038; Furious Jane &#8211; Dolly"},"content":{"rendered":"","protected":false},"excerpt":{"rendered":"<p>minimal ring p\u00e5 bagside og mini tryk af h\u00f8jre nederste hj\u00f8rne. [&hellip;]<\/p>\n","protected":false},"featured_media":5354,"template":"","meta":{"_acf_changed":false},"product_brand":[],"product_cat":[1135],"product_tag":[160,2350,2349,228],"class_list":{"0":"post-5363","1":"product","2":"type-product","3":"status-publish","4":"has-post-thumbnail","6":"product_cat-brugte-lper","7":"product_tag-brugt","8":"product_tag-dolly","9":"product_tag-larsen-furious-jane","10":"product_tag-lp","12":"first","13":"instock","14":"taxable","15":"shipping-taxable","16":"purchasable","17":"product-type-simple"},"acf":[],"_links":{"self":[{"href":"https:\/\/lydogkabel.dk\/index.php\/wp-json\/wp\/v2\/product\/5363","targetHints":{"allow":["GET"]}}],"collection":[{"href":"https:\/\/lydogkabel.dk\/index.php\/wp-json\/wp\/v2\/product"}],"about":[{"href":"https:\/\/lydogkabel.dk\/index.php\/wp-json\/wp\/v2\/types\/product"}],"wp:featuredmedia":[{"embeddable":true,"href":"https:\/\/lydogkabel.dk\/index.php\/wp-json\/wp\/v2\/media\/5354"}],"wp:attachment":[{"href":"https:\/\/lydogkabel.dk\/index.php\/wp-json\/wp\/v2\/media?parent=5363"}],"wp:term":[{"taxonomy":"product_brand","embeddable":true,"href":"https:\/\/lydogkabel.dk\/index.php\/wp-json\/wp\/v2\/product_brand?post=5363"},{"taxonomy":"product_cat","embeddable":true,"href":"https:\/\/lydogkabel.dk\/index.php\/wp-json\/wp\/v2\/product_cat?post=5363"},{"taxonomy":"product_tag","embeddable":true,"href":"https:\/\/lydogkabel.dk\/index.php\/wp-json\/wp\/v2\/product_tag?post=5363"}],"curies":[{"name":"wp","href":"https:\/\/api.w.org\/{rel}","templated":true}]}}