{"id":5217,"date":"2024-10-16T21:56:08","date_gmt":"2024-10-16T19:56:08","guid":{"rendered":"https:\/\/lydogkabel.dk\/?post_type=product&#038;p=5217"},"modified":"2024-10-16T21:56:09","modified_gmt":"2024-10-16T19:56:09","slug":"frans-bak-det-blaa-skrig","status":"publish","type":"product","link":"https:\/\/lydogkabel.dk\/index.php\/vare\/frans-bak-det-blaa-skrig\/","title":{"rendered":"Frans Bak &#8211; Det Bl\u00e5 Skrig"},"content":{"rendered":"","protected":false},"excerpt":{"rendered":"<p>Fin plade med noget wear p\u00e5 cover som p\u00e5 billedeeksempler. [&hellip;]<\/p>\n","protected":false},"featured_media":5203,"template":"","meta":{"_acf_changed":false},"product_brand":[],"product_cat":[1135],"product_tag":[160,2319,2318,228],"class_list":{"0":"post-5217","1":"product","2":"type-product","3":"status-publish","4":"has-post-thumbnail","6":"product_cat-brugte-lper","7":"product_tag-brugt","8":"product_tag-det-blaa-skrig","9":"product_tag-frans-bak","10":"product_tag-lp","12":"first","13":"instock","14":"taxable","15":"shipping-taxable","16":"purchasable","17":"product-type-simple"},"acf":[],"_links":{"self":[{"href":"https:\/\/lydogkabel.dk\/index.php\/wp-json\/wp\/v2\/product\/5217","targetHints":{"allow":["GET"]}}],"collection":[{"href":"https:\/\/lydogkabel.dk\/index.php\/wp-json\/wp\/v2\/product"}],"about":[{"href":"https:\/\/lydogkabel.dk\/index.php\/wp-json\/wp\/v2\/types\/product"}],"wp:featuredmedia":[{"embeddable":true,"href":"https:\/\/lydogkabel.dk\/index.php\/wp-json\/wp\/v2\/media\/5203"}],"wp:attachment":[{"href":"https:\/\/lydogkabel.dk\/index.php\/wp-json\/wp\/v2\/media?parent=5217"}],"wp:term":[{"taxonomy":"product_brand","embeddable":true,"href":"https:\/\/lydogkabel.dk\/index.php\/wp-json\/wp\/v2\/product_brand?post=5217"},{"taxonomy":"product_cat","embeddable":true,"href":"https:\/\/lydogkabel.dk\/index.php\/wp-json\/wp\/v2\/product_cat?post=5217"},{"taxonomy":"product_tag","embeddable":true,"href":"https:\/\/lydogkabel.dk\/index.php\/wp-json\/wp\/v2\/product_tag?post=5217"}],"curies":[{"name":"wp","href":"https:\/\/api.w.org\/{rel}","templated":true}]}}