{"id":5083,"date":"2024-10-08T15:46:02","date_gmt":"2024-10-08T13:46:02","guid":{"rendered":"https:\/\/lydogkabel.dk\/?post_type=product&#038;p=5083"},"modified":"2024-10-08T15:46:04","modified_gmt":"2024-10-08T13:46:04","slug":"erroll-garner-thats-my-kick","status":"publish","type":"product","link":"https:\/\/lydogkabel.dk\/index.php\/vare\/erroll-garner-thats-my-kick\/","title":{"rendered":"Erroll Garner &#8211; That\u00b4s My Kick"},"content":{"rendered":"","protected":false},"excerpt":{"rendered":"<p>Det er imponerende n\u00e5r vinyl med over 5 \u00e5rtier p\u00e5 bagen kan v\u00e6re [&hellip;]<\/p>\n","protected":false},"featured_media":5050,"template":"","meta":{"_acf_changed":false},"product_brand":[],"product_cat":[1135],"product_tag":[160,2262,228,2263],"class_list":{"0":"post-5083","1":"product","2":"type-product","3":"status-publish","4":"has-post-thumbnail","6":"product_cat-brugte-lper","7":"product_tag-brugt","8":"product_tag-erroll-garner","9":"product_tag-lp","10":"product_tag-thats-my-kick","12":"first","13":"instock","14":"taxable","15":"shipping-taxable","16":"purchasable","17":"product-type-simple"},"acf":[],"_links":{"self":[{"href":"https:\/\/lydogkabel.dk\/index.php\/wp-json\/wp\/v2\/product\/5083","targetHints":{"allow":["GET"]}}],"collection":[{"href":"https:\/\/lydogkabel.dk\/index.php\/wp-json\/wp\/v2\/product"}],"about":[{"href":"https:\/\/lydogkabel.dk\/index.php\/wp-json\/wp\/v2\/types\/product"}],"wp:featuredmedia":[{"embeddable":true,"href":"https:\/\/lydogkabel.dk\/index.php\/wp-json\/wp\/v2\/media\/5050"}],"wp:attachment":[{"href":"https:\/\/lydogkabel.dk\/index.php\/wp-json\/wp\/v2\/media?parent=5083"}],"wp:term":[{"taxonomy":"product_brand","embeddable":true,"href":"https:\/\/lydogkabel.dk\/index.php\/wp-json\/wp\/v2\/product_brand?post=5083"},{"taxonomy":"product_cat","embeddable":true,"href":"https:\/\/lydogkabel.dk\/index.php\/wp-json\/wp\/v2\/product_cat?post=5083"},{"taxonomy":"product_tag","embeddable":true,"href":"https:\/\/lydogkabel.dk\/index.php\/wp-json\/wp\/v2\/product_tag?post=5083"}],"curies":[{"name":"wp","href":"https:\/\/api.w.org\/{rel}","templated":true}]}}