{"id":4913,"date":"2024-09-27T21:47:02","date_gmt":"2024-09-27T19:47:02","guid":{"rendered":"https:\/\/lydogkabel.dk\/?post_type=product&#038;p=4913"},"modified":"2024-09-27T21:47:04","modified_gmt":"2024-09-27T19:47:04","slug":"john-mayall-new-year-new-band-new-company","status":"publish","type":"product","link":"https:\/\/lydogkabel.dk\/index.php\/vare\/john-mayall-new-year-new-band-new-company\/","title":{"rendered":"John Mayall &#8211; New Year New Band New Company"},"content":{"rendered":"","protected":false},"excerpt":{"rendered":"<p>Der er wear og misfarvninger p\u00e5 coveret som p\u00e5 billeder samt cut h\u00f8jre [&hellip;]<\/p>\n","protected":false},"featured_media":4914,"template":"","meta":{"_acf_changed":false},"product_brand":[],"product_cat":[1135],"product_tag":[160,1965,228,2216],"class_list":{"0":"post-4913","1":"product","2":"type-product","3":"status-publish","4":"has-post-thumbnail","6":"product_cat-brugte-lper","7":"product_tag-brugt","8":"product_tag-john-mayall","9":"product_tag-lp","10":"product_tag-new-year-new-band-new-company","12":"first","13":"instock","14":"taxable","15":"shipping-taxable","16":"purchasable","17":"product-type-simple"},"acf":[],"_links":{"self":[{"href":"https:\/\/lydogkabel.dk\/index.php\/wp-json\/wp\/v2\/product\/4913","targetHints":{"allow":["GET"]}}],"collection":[{"href":"https:\/\/lydogkabel.dk\/index.php\/wp-json\/wp\/v2\/product"}],"about":[{"href":"https:\/\/lydogkabel.dk\/index.php\/wp-json\/wp\/v2\/types\/product"}],"wp:featuredmedia":[{"embeddable":true,"href":"https:\/\/lydogkabel.dk\/index.php\/wp-json\/wp\/v2\/media\/4914"}],"wp:attachment":[{"href":"https:\/\/lydogkabel.dk\/index.php\/wp-json\/wp\/v2\/media?parent=4913"}],"wp:term":[{"taxonomy":"product_brand","embeddable":true,"href":"https:\/\/lydogkabel.dk\/index.php\/wp-json\/wp\/v2\/product_brand?post=4913"},{"taxonomy":"product_cat","embeddable":true,"href":"https:\/\/lydogkabel.dk\/index.php\/wp-json\/wp\/v2\/product_cat?post=4913"},{"taxonomy":"product_tag","embeddable":true,"href":"https:\/\/lydogkabel.dk\/index.php\/wp-json\/wp\/v2\/product_tag?post=4913"}],"curies":[{"name":"wp","href":"https:\/\/api.w.org\/{rel}","templated":true}]}}