{"id":4910,"date":"2024-09-26T21:41:55","date_gmt":"2024-09-26T19:41:55","guid":{"rendered":"https:\/\/lydogkabel.dk\/?post_type=product&#038;p=4910"},"modified":"2024-09-26T21:41:56","modified_gmt":"2024-09-26T19:41:56","slug":"cirkus-julius","status":"publish","type":"product","link":"https:\/\/lydogkabel.dk\/index.php\/vare\/cirkus-julius\/","title":{"rendered":"Cirkus Julius"},"content":{"rendered":"","protected":false},"excerpt":{"rendered":"<p>Super stand, desv\u00e6rre med et lille m\u00e6rke p\u00e5 bagsiden h\u00f8jest sandsynligt fra en [&hellip;]<\/p>\n","protected":false},"featured_media":4869,"template":"","meta":{"_acf_changed":false},"product_brand":[],"product_cat":[1135],"product_tag":[160,2214,228],"class_list":{"0":"post-4910","1":"product","2":"type-product","3":"status-publish","4":"has-post-thumbnail","6":"product_cat-brugte-lper","7":"product_tag-brugt","8":"product_tag-cirkus-julius","9":"product_tag-lp","11":"first","12":"instock","13":"taxable","14":"shipping-taxable","15":"purchasable","16":"product-type-simple"},"acf":[],"_links":{"self":[{"href":"https:\/\/lydogkabel.dk\/index.php\/wp-json\/wp\/v2\/product\/4910","targetHints":{"allow":["GET"]}}],"collection":[{"href":"https:\/\/lydogkabel.dk\/index.php\/wp-json\/wp\/v2\/product"}],"about":[{"href":"https:\/\/lydogkabel.dk\/index.php\/wp-json\/wp\/v2\/types\/product"}],"wp:featuredmedia":[{"embeddable":true,"href":"https:\/\/lydogkabel.dk\/index.php\/wp-json\/wp\/v2\/media\/4869"}],"wp:attachment":[{"href":"https:\/\/lydogkabel.dk\/index.php\/wp-json\/wp\/v2\/media?parent=4910"}],"wp:term":[{"taxonomy":"product_brand","embeddable":true,"href":"https:\/\/lydogkabel.dk\/index.php\/wp-json\/wp\/v2\/product_brand?post=4910"},{"taxonomy":"product_cat","embeddable":true,"href":"https:\/\/lydogkabel.dk\/index.php\/wp-json\/wp\/v2\/product_cat?post=4910"},{"taxonomy":"product_tag","embeddable":true,"href":"https:\/\/lydogkabel.dk\/index.php\/wp-json\/wp\/v2\/product_tag?post=4910"}],"curies":[{"name":"wp","href":"https:\/\/api.w.org\/{rel}","templated":true}]}}