{"id":4858,"date":"2024-09-10T22:55:29","date_gmt":"2024-09-10T20:55:29","guid":{"rendered":"https:\/\/lydogkabel.dk\/?post_type=product&#038;p=4858"},"modified":"2024-09-10T22:55:30","modified_gmt":"2024-09-10T20:55:30","slug":"fleetwood-mac-behind-the-mask","status":"publish","type":"product","link":"https:\/\/lydogkabel.dk\/index.php\/vare\/fleetwood-mac-behind-the-mask\/","title":{"rendered":"Fleetwood Mac &#8211; Behind The Mask"},"content":{"rendered":"","protected":false},"excerpt":{"rendered":"<p>Meget fint plade og cover. Cover med en mini-skade \u00f8verste h\u00f8jre hj\u00f8rne (man [&hellip;]<\/p>\n","protected":false},"featured_media":4837,"template":"","meta":{"_acf_changed":false},"product_brand":[],"product_cat":[1135],"product_tag":[2199,160,1004,228],"class_list":{"0":"post-4858","1":"product","2":"type-product","3":"status-publish","4":"has-post-thumbnail","6":"product_cat-brugte-lper","7":"product_tag-behind-the-mask","8":"product_tag-brugt","9":"product_tag-fleetwood-mac","10":"product_tag-lp","12":"first","13":"instock","14":"taxable","15":"shipping-taxable","16":"purchasable","17":"product-type-simple"},"acf":[],"_links":{"self":[{"href":"https:\/\/lydogkabel.dk\/index.php\/wp-json\/wp\/v2\/product\/4858","targetHints":{"allow":["GET"]}}],"collection":[{"href":"https:\/\/lydogkabel.dk\/index.php\/wp-json\/wp\/v2\/product"}],"about":[{"href":"https:\/\/lydogkabel.dk\/index.php\/wp-json\/wp\/v2\/types\/product"}],"wp:featuredmedia":[{"embeddable":true,"href":"https:\/\/lydogkabel.dk\/index.php\/wp-json\/wp\/v2\/media\/4837"}],"wp:attachment":[{"href":"https:\/\/lydogkabel.dk\/index.php\/wp-json\/wp\/v2\/media?parent=4858"}],"wp:term":[{"taxonomy":"product_brand","embeddable":true,"href":"https:\/\/lydogkabel.dk\/index.php\/wp-json\/wp\/v2\/product_brand?post=4858"},{"taxonomy":"product_cat","embeddable":true,"href":"https:\/\/lydogkabel.dk\/index.php\/wp-json\/wp\/v2\/product_cat?post=4858"},{"taxonomy":"product_tag","embeddable":true,"href":"https:\/\/lydogkabel.dk\/index.php\/wp-json\/wp\/v2\/product_tag?post=4858"}],"curies":[{"name":"wp","href":"https:\/\/api.w.org\/{rel}","templated":true}]}}