{"id":4810,"date":"2024-09-10T22:27:26","date_gmt":"2024-09-10T20:27:26","guid":{"rendered":"https:\/\/lydogkabel.dk\/?post_type=product&#038;p=4810"},"modified":"2024-09-10T22:27:28","modified_gmt":"2024-09-10T20:27:28","slug":"crosby-stills-nash-young-deja-vu","status":"publish","type":"product","link":"https:\/\/lydogkabel.dk\/index.php\/vare\/crosby-stills-nash-young-deja-vu\/","title":{"rendered":"Crosby, Stills, Nash &#038; Young &#8211; D\u00e9j\u00e0 vu"},"content":{"rendered":"","protected":false},"excerpt":{"rendered":"<p>Coveret p\u00e5 den her plade er ofte i den lidt kedelige ende pga. [&hellip;]<\/p>\n","protected":false},"featured_media":4815,"template":"","meta":{"_acf_changed":false},"product_brand":[],"product_cat":[1135],"product_tag":[160,1613,2190,228,1615,2189,1616],"class_list":{"0":"post-4810","1":"product","2":"type-product","3":"status-publish","4":"has-post-thumbnail","6":"product_cat-brugte-lper","7":"product_tag-brugt","8":"product_tag-crosby","9":"product_tag-deja-vu","10":"product_tag-lp","11":"product_tag-nash","12":"product_tag-stills","13":"product_tag-young","15":"first","16":"instock","17":"taxable","18":"shipping-taxable","19":"purchasable","20":"product-type-simple"},"acf":[],"_links":{"self":[{"href":"https:\/\/lydogkabel.dk\/index.php\/wp-json\/wp\/v2\/product\/4810","targetHints":{"allow":["GET"]}}],"collection":[{"href":"https:\/\/lydogkabel.dk\/index.php\/wp-json\/wp\/v2\/product"}],"about":[{"href":"https:\/\/lydogkabel.dk\/index.php\/wp-json\/wp\/v2\/types\/product"}],"wp:featuredmedia":[{"embeddable":true,"href":"https:\/\/lydogkabel.dk\/index.php\/wp-json\/wp\/v2\/media\/4815"}],"wp:attachment":[{"href":"https:\/\/lydogkabel.dk\/index.php\/wp-json\/wp\/v2\/media?parent=4810"}],"wp:term":[{"taxonomy":"product_brand","embeddable":true,"href":"https:\/\/lydogkabel.dk\/index.php\/wp-json\/wp\/v2\/product_brand?post=4810"},{"taxonomy":"product_cat","embeddable":true,"href":"https:\/\/lydogkabel.dk\/index.php\/wp-json\/wp\/v2\/product_cat?post=4810"},{"taxonomy":"product_tag","embeddable":true,"href":"https:\/\/lydogkabel.dk\/index.php\/wp-json\/wp\/v2\/product_tag?post=4810"}],"curies":[{"name":"wp","href":"https:\/\/api.w.org\/{rel}","templated":true}]}}