{"id":4726,"date":"2024-08-30T22:53:27","date_gmt":"2024-08-30T20:53:27","guid":{"rendered":"https:\/\/lydogkabel.dk\/?post_type=product&#038;p=4726"},"modified":"2024-08-30T22:53:28","modified_gmt":"2024-08-30T20:53:28","slug":"ragnbone-man-human","status":"publish","type":"product","link":"https:\/\/lydogkabel.dk\/index.php\/vare\/ragnbone-man-human\/","title":{"rendered":"RAG\u00b4N`BONE MAN &#8211; HUMAN"},"content":{"rendered":"","protected":false},"excerpt":{"rendered":"<p>En smule wear p\u00e5 cover i hj\u00f8rne og top, men stadig ret s\u00e5 [&hellip;]<\/p>\n","protected":false},"featured_media":4717,"template":"","meta":{"_acf_changed":false},"product_brand":[],"product_cat":[1135],"product_tag":[160,433,228,424],"class_list":{"0":"post-4726","1":"product","2":"type-product","3":"status-publish","4":"has-post-thumbnail","6":"product_cat-brugte-lper","7":"product_tag-brugt","8":"product_tag-human","9":"product_tag-lp","10":"product_tag-ragnbone-man","12":"first","13":"instock","14":"taxable","15":"shipping-taxable","16":"purchasable","17":"product-type-simple"},"acf":[],"_links":{"self":[{"href":"https:\/\/lydogkabel.dk\/index.php\/wp-json\/wp\/v2\/product\/4726","targetHints":{"allow":["GET"]}}],"collection":[{"href":"https:\/\/lydogkabel.dk\/index.php\/wp-json\/wp\/v2\/product"}],"about":[{"href":"https:\/\/lydogkabel.dk\/index.php\/wp-json\/wp\/v2\/types\/product"}],"wp:featuredmedia":[{"embeddable":true,"href":"https:\/\/lydogkabel.dk\/index.php\/wp-json\/wp\/v2\/media\/4717"}],"wp:attachment":[{"href":"https:\/\/lydogkabel.dk\/index.php\/wp-json\/wp\/v2\/media?parent=4726"}],"wp:term":[{"taxonomy":"product_brand","embeddable":true,"href":"https:\/\/lydogkabel.dk\/index.php\/wp-json\/wp\/v2\/product_brand?post=4726"},{"taxonomy":"product_cat","embeddable":true,"href":"https:\/\/lydogkabel.dk\/index.php\/wp-json\/wp\/v2\/product_cat?post=4726"},{"taxonomy":"product_tag","embeddable":true,"href":"https:\/\/lydogkabel.dk\/index.php\/wp-json\/wp\/v2\/product_tag?post=4726"}],"curies":[{"name":"wp","href":"https:\/\/api.w.org\/{rel}","templated":true}]}}