{"id":4629,"date":"2024-08-26T21:59:23","date_gmt":"2024-08-26T19:59:23","guid":{"rendered":"https:\/\/lydogkabel.dk\/?post_type=product&#038;p=4629"},"modified":"2024-08-26T21:59:25","modified_gmt":"2024-08-26T19:59:25","slug":"hunbjoern-next-summer-in-vacuo","status":"publish","type":"product","link":"https:\/\/lydogkabel.dk\/index.php\/vare\/hunbjoern-next-summer-in-vacuo\/","title":{"rendered":"Hunbj\u00f8rn &#8211; Next Summer \/ In Vacuo"},"content":{"rendered":"","protected":false},"excerpt":{"rendered":"<p>Har ikke v\u00e6ret afspillet, men \u00e5bnet for at finde frem til udgave (Bl\u00e5\/r\u00f8d). [&hellip;]<\/p>\n","protected":false},"featured_media":4648,"template":"","meta":{"_acf_changed":false},"product_brand":[],"product_cat":[1135],"product_tag":[160,2140,2142,228,2141],"class_list":{"0":"post-4629","1":"product","2":"type-product","3":"status-publish","4":"has-post-thumbnail","6":"product_cat-brugte-lper","7":"product_tag-brugt","8":"product_tag-hunbjoern","9":"product_tag-in-vacuo","10":"product_tag-lp","11":"product_tag-next-summer","13":"first","14":"instock","15":"taxable","16":"shipping-taxable","17":"purchasable","18":"product-type-simple"},"acf":[],"_links":{"self":[{"href":"https:\/\/lydogkabel.dk\/index.php\/wp-json\/wp\/v2\/product\/4629","targetHints":{"allow":["GET"]}}],"collection":[{"href":"https:\/\/lydogkabel.dk\/index.php\/wp-json\/wp\/v2\/product"}],"about":[{"href":"https:\/\/lydogkabel.dk\/index.php\/wp-json\/wp\/v2\/types\/product"}],"wp:featuredmedia":[{"embeddable":true,"href":"https:\/\/lydogkabel.dk\/index.php\/wp-json\/wp\/v2\/media\/4648"}],"wp:attachment":[{"href":"https:\/\/lydogkabel.dk\/index.php\/wp-json\/wp\/v2\/media?parent=4629"}],"wp:term":[{"taxonomy":"product_brand","embeddable":true,"href":"https:\/\/lydogkabel.dk\/index.php\/wp-json\/wp\/v2\/product_brand?post=4629"},{"taxonomy":"product_cat","embeddable":true,"href":"https:\/\/lydogkabel.dk\/index.php\/wp-json\/wp\/v2\/product_cat?post=4629"},{"taxonomy":"product_tag","embeddable":true,"href":"https:\/\/lydogkabel.dk\/index.php\/wp-json\/wp\/v2\/product_tag?post=4629"}],"curies":[{"name":"wp","href":"https:\/\/api.w.org\/{rel}","templated":true}]}}