{"id":4613,"date":"2024-08-08T22:07:11","date_gmt":"2024-08-08T20:07:11","guid":{"rendered":"https:\/\/lydogkabel.dk\/?post_type=product&#038;p=4613"},"modified":"2024-08-08T22:07:12","modified_gmt":"2024-08-08T20:07:12","slug":"lucky-moon-feed-on-the-night","status":"publish","type":"product","link":"https:\/\/lydogkabel.dk\/index.php\/vare\/lucky-moon-feed-on-the-night\/","title":{"rendered":"Lucky Moon &#8211; Feed On The Night"},"content":{"rendered":"","protected":false},"excerpt":{"rendered":"<p>P\u00e6n med minimalt wear p\u00e5 cover &#8211; Signeret p\u00e5 forside [&hellip;]<\/p>\n","protected":false},"featured_media":4580,"template":"","meta":{"_acf_changed":false},"product_brand":[],"product_cat":[1135],"product_tag":[160,2123,228,2124],"class_list":{"0":"post-4613","1":"product","2":"type-product","3":"status-publish","4":"has-post-thumbnail","6":"product_cat-brugte-lper","7":"product_tag-brugt","8":"product_tag-feed-on-the-night","9":"product_tag-lp","10":"product_tag-lucky-moon","12":"first","13":"instock","14":"taxable","15":"shipping-taxable","16":"purchasable","17":"product-type-simple"},"acf":[],"_links":{"self":[{"href":"https:\/\/lydogkabel.dk\/index.php\/wp-json\/wp\/v2\/product\/4613","targetHints":{"allow":["GET"]}}],"collection":[{"href":"https:\/\/lydogkabel.dk\/index.php\/wp-json\/wp\/v2\/product"}],"about":[{"href":"https:\/\/lydogkabel.dk\/index.php\/wp-json\/wp\/v2\/types\/product"}],"wp:featuredmedia":[{"embeddable":true,"href":"https:\/\/lydogkabel.dk\/index.php\/wp-json\/wp\/v2\/media\/4580"}],"wp:attachment":[{"href":"https:\/\/lydogkabel.dk\/index.php\/wp-json\/wp\/v2\/media?parent=4613"}],"wp:term":[{"taxonomy":"product_brand","embeddable":true,"href":"https:\/\/lydogkabel.dk\/index.php\/wp-json\/wp\/v2\/product_brand?post=4613"},{"taxonomy":"product_cat","embeddable":true,"href":"https:\/\/lydogkabel.dk\/index.php\/wp-json\/wp\/v2\/product_cat?post=4613"},{"taxonomy":"product_tag","embeddable":true,"href":"https:\/\/lydogkabel.dk\/index.php\/wp-json\/wp\/v2\/product_tag?post=4613"}],"curies":[{"name":"wp","href":"https:\/\/api.w.org\/{rel}","templated":true}]}}