{"id":4570,"date":"2024-08-03T23:39:52","date_gmt":"2024-08-03T21:39:52","guid":{"rendered":"https:\/\/lydogkabel.dk\/?post_type=product&#038;p=4570"},"modified":"2024-08-03T23:39:54","modified_gmt":"2024-08-03T21:39:54","slug":"arbirk-disguises","status":"publish","type":"product","link":"https:\/\/lydogkabel.dk\/index.php\/vare\/arbirk-disguises\/","title":{"rendered":"Arbirk \u200e\u2013 Disguises"},"content":{"rendered":"","protected":false},"excerpt":{"rendered":"<p>Lidt wear p\u00e5 cover i nederste venstre og h\u00f8jre hj\u00f8rne [&hellip;]<\/p>\n","protected":false},"featured_media":4558,"template":"","meta":{"_acf_changed":false},"product_brand":[],"product_cat":[1135],"product_tag":[2109,160,2110,228],"class_list":{"0":"post-4570","1":"product","2":"type-product","3":"status-publish","4":"has-post-thumbnail","6":"product_cat-brugte-lper","7":"product_tag-arbirk","8":"product_tag-brugt","9":"product_tag-disguises","10":"product_tag-lp","12":"first","13":"instock","14":"taxable","15":"shipping-taxable","16":"purchasable","17":"product-type-simple"},"acf":[],"_links":{"self":[{"href":"https:\/\/lydogkabel.dk\/index.php\/wp-json\/wp\/v2\/product\/4570","targetHints":{"allow":["GET"]}}],"collection":[{"href":"https:\/\/lydogkabel.dk\/index.php\/wp-json\/wp\/v2\/product"}],"about":[{"href":"https:\/\/lydogkabel.dk\/index.php\/wp-json\/wp\/v2\/types\/product"}],"wp:featuredmedia":[{"embeddable":true,"href":"https:\/\/lydogkabel.dk\/index.php\/wp-json\/wp\/v2\/media\/4558"}],"wp:attachment":[{"href":"https:\/\/lydogkabel.dk\/index.php\/wp-json\/wp\/v2\/media?parent=4570"}],"wp:term":[{"taxonomy":"product_brand","embeddable":true,"href":"https:\/\/lydogkabel.dk\/index.php\/wp-json\/wp\/v2\/product_brand?post=4570"},{"taxonomy":"product_cat","embeddable":true,"href":"https:\/\/lydogkabel.dk\/index.php\/wp-json\/wp\/v2\/product_cat?post=4570"},{"taxonomy":"product_tag","embeddable":true,"href":"https:\/\/lydogkabel.dk\/index.php\/wp-json\/wp\/v2\/product_tag?post=4570"}],"curies":[{"name":"wp","href":"https:\/\/api.w.org\/{rel}","templated":true}]}}