{"id":4541,"date":"2024-07-30T23:17:25","date_gmt":"2024-07-30T21:17:25","guid":{"rendered":"https:\/\/lydogkabel.dk\/?post_type=product&#038;p=4541"},"modified":"2024-07-30T23:17:27","modified_gmt":"2024-07-30T21:17:27","slug":"fauli-til-dauli-daily-fauli","status":"publish","type":"product","link":"https:\/\/lydogkabel.dk\/index.php\/vare\/fauli-til-dauli-daily-fauli\/","title":{"rendered":"Fauli Til Dauli &#8211; Daily Fauli"},"content":{"rendered":"","protected":false},"excerpt":{"rendered":"<p>Her i det gr\u00f8nne genoptryk fra 2020&#8230; Den er vel t\u00e6t p\u00e5 s\u00e5 [&hellip;]<\/p>\n","protected":false},"featured_media":4531,"template":"","meta":{"_acf_changed":false},"product_brand":[],"product_cat":[1135],"product_tag":[160,2099,2098,228],"class_list":{"0":"post-4541","1":"product","2":"type-product","3":"status-publish","4":"has-post-thumbnail","6":"product_cat-brugte-lper","7":"product_tag-brugt","8":"product_tag-daily-fauli","9":"product_tag-fauli-til-dauli","10":"product_tag-lp","12":"first","13":"instock","14":"taxable","15":"shipping-taxable","16":"purchasable","17":"product-type-simple"},"acf":[],"_links":{"self":[{"href":"https:\/\/lydogkabel.dk\/index.php\/wp-json\/wp\/v2\/product\/4541","targetHints":{"allow":["GET"]}}],"collection":[{"href":"https:\/\/lydogkabel.dk\/index.php\/wp-json\/wp\/v2\/product"}],"about":[{"href":"https:\/\/lydogkabel.dk\/index.php\/wp-json\/wp\/v2\/types\/product"}],"wp:featuredmedia":[{"embeddable":true,"href":"https:\/\/lydogkabel.dk\/index.php\/wp-json\/wp\/v2\/media\/4531"}],"wp:attachment":[{"href":"https:\/\/lydogkabel.dk\/index.php\/wp-json\/wp\/v2\/media?parent=4541"}],"wp:term":[{"taxonomy":"product_brand","embeddable":true,"href":"https:\/\/lydogkabel.dk\/index.php\/wp-json\/wp\/v2\/product_brand?post=4541"},{"taxonomy":"product_cat","embeddable":true,"href":"https:\/\/lydogkabel.dk\/index.php\/wp-json\/wp\/v2\/product_cat?post=4541"},{"taxonomy":"product_tag","embeddable":true,"href":"https:\/\/lydogkabel.dk\/index.php\/wp-json\/wp\/v2\/product_tag?post=4541"}],"curies":[{"name":"wp","href":"https:\/\/api.w.org\/{rel}","templated":true}]}}