{"id":4502,"date":"2024-07-26T23:03:53","date_gmt":"2024-07-26T21:03:53","guid":{"rendered":"https:\/\/lydogkabel.dk\/?post_type=product&#038;p=4502"},"modified":"2024-07-26T23:03:55","modified_gmt":"2024-07-26T21:03:55","slug":"orange-monks-deadstock","status":"publish","type":"product","link":"https:\/\/lydogkabel.dk\/index.php\/vare\/orange-monks-deadstock\/","title":{"rendered":"Orange Monks &#8211; Deadstock"},"content":{"rendered":"","protected":false},"excerpt":{"rendered":"<p>Lidt bend i et hj\u00f8rne som der er f\u00f8rs\u00f8gt at tage billede af, [&hellip;]<\/p>\n","protected":false},"featured_media":4514,"template":"","meta":{"_acf_changed":false},"product_brand":[],"product_cat":[1135],"product_tag":[160,2092,228,2091],"class_list":{"0":"post-4502","1":"product","2":"type-product","3":"status-publish","4":"has-post-thumbnail","6":"product_cat-brugte-lper","7":"product_tag-brugt","8":"product_tag-deadstock","9":"product_tag-lp","10":"product_tag-orange-monks","12":"first","13":"instock","14":"taxable","15":"shipping-taxable","16":"purchasable","17":"product-type-simple"},"acf":[],"_links":{"self":[{"href":"https:\/\/lydogkabel.dk\/index.php\/wp-json\/wp\/v2\/product\/4502","targetHints":{"allow":["GET"]}}],"collection":[{"href":"https:\/\/lydogkabel.dk\/index.php\/wp-json\/wp\/v2\/product"}],"about":[{"href":"https:\/\/lydogkabel.dk\/index.php\/wp-json\/wp\/v2\/types\/product"}],"wp:featuredmedia":[{"embeddable":true,"href":"https:\/\/lydogkabel.dk\/index.php\/wp-json\/wp\/v2\/media\/4514"}],"wp:attachment":[{"href":"https:\/\/lydogkabel.dk\/index.php\/wp-json\/wp\/v2\/media?parent=4502"}],"wp:term":[{"taxonomy":"product_brand","embeddable":true,"href":"https:\/\/lydogkabel.dk\/index.php\/wp-json\/wp\/v2\/product_brand?post=4502"},{"taxonomy":"product_cat","embeddable":true,"href":"https:\/\/lydogkabel.dk\/index.php\/wp-json\/wp\/v2\/product_cat?post=4502"},{"taxonomy":"product_tag","embeddable":true,"href":"https:\/\/lydogkabel.dk\/index.php\/wp-json\/wp\/v2\/product_tag?post=4502"}],"curies":[{"name":"wp","href":"https:\/\/api.w.org\/{rel}","templated":true}]}}