{"id":4475,"date":"2024-07-26T00:32:17","date_gmt":"2024-07-25T22:32:17","guid":{"rendered":"https:\/\/lydogkabel.dk\/?post_type=product&#038;p=4475"},"modified":"2024-07-26T00:32:19","modified_gmt":"2024-07-25T22:32:19","slug":"doerge-becker-carlsen-fearturing-marilyn-mazur-canoe","status":"publish","type":"product","link":"https:\/\/lydogkabel.dk\/index.php\/vare\/doerge-becker-carlsen-fearturing-marilyn-mazur-canoe\/","title":{"rendered":"D\u00f8rge, Becker, Carlsen, Fearturing Marilyn Mazur &#8211; Canoe"},"content":{"rendered":"","protected":false},"excerpt":{"rendered":"<p>P\u00e6n med minimal wear i bund fra at have st\u00e5et p\u00e5 hylde. [&hellip;]<\/p>\n","protected":false},"featured_media":4439,"template":"","meta":{"_acf_changed":false},"product_brand":[],"product_cat":[1135],"product_tag":[2078,2081,2079,2077,2080],"class_list":{"0":"post-4475","1":"product","2":"type-product","3":"status-publish","4":"has-post-thumbnail","6":"product_cat-brugte-lper","7":"product_tag-becker","8":"product_tag-canoe","9":"product_tag-carlsen","10":"product_tag-doerge","11":"product_tag-fearturing-marilyn-mazur","13":"first","14":"instock","15":"taxable","16":"shipping-taxable","17":"purchasable","18":"product-type-simple"},"acf":[],"_links":{"self":[{"href":"https:\/\/lydogkabel.dk\/index.php\/wp-json\/wp\/v2\/product\/4475","targetHints":{"allow":["GET"]}}],"collection":[{"href":"https:\/\/lydogkabel.dk\/index.php\/wp-json\/wp\/v2\/product"}],"about":[{"href":"https:\/\/lydogkabel.dk\/index.php\/wp-json\/wp\/v2\/types\/product"}],"wp:featuredmedia":[{"embeddable":true,"href":"https:\/\/lydogkabel.dk\/index.php\/wp-json\/wp\/v2\/media\/4439"}],"wp:attachment":[{"href":"https:\/\/lydogkabel.dk\/index.php\/wp-json\/wp\/v2\/media?parent=4475"}],"wp:term":[{"taxonomy":"product_brand","embeddable":true,"href":"https:\/\/lydogkabel.dk\/index.php\/wp-json\/wp\/v2\/product_brand?post=4475"},{"taxonomy":"product_cat","embeddable":true,"href":"https:\/\/lydogkabel.dk\/index.php\/wp-json\/wp\/v2\/product_cat?post=4475"},{"taxonomy":"product_tag","embeddable":true,"href":"https:\/\/lydogkabel.dk\/index.php\/wp-json\/wp\/v2\/product_tag?post=4475"}],"curies":[{"name":"wp","href":"https:\/\/api.w.org\/{rel}","templated":true}]}}