{"id":4398,"date":"2024-07-24T22:08:22","date_gmt":"2024-07-24T20:08:22","guid":{"rendered":"https:\/\/lydogkabel.dk\/?post_type=product&#038;p=4398"},"modified":"2024-07-24T22:08:24","modified_gmt":"2024-07-24T20:08:24","slug":"dire-straits-making-movies-mobile-fidelity-sound-lab","status":"publish","type":"product","link":"https:\/\/lydogkabel.dk\/index.php\/vare\/dire-straits-making-movies-mobile-fidelity-sound-lab\/","title":{"rendered":"Dire Straits &#8211; Making Movies, Mobile Fidelity Sound Lab"},"content":{"rendered":"","protected":false},"excerpt":{"rendered":"<p>En l\u00e6kkerbisken fra Mobile Fidelity. Vi er meget t\u00e6t p\u00e5 at v\u00e6re der [&hellip;]<\/p>\n","protected":false},"featured_media":4389,"template":"","meta":{"_acf_changed":false},"product_brand":[],"product_cat":[1135],"product_tag":[160,1092,228,2043,2042],"class_list":{"0":"post-4398","1":"product","2":"type-product","3":"status-publish","4":"has-post-thumbnail","6":"product_cat-brugte-lper","7":"product_tag-brugt","8":"product_tag-dire-straits","9":"product_tag-lp","10":"product_tag-making-movies","11":"product_tag-mobile-fidelity","13":"first","14":"instock","15":"taxable","16":"shipping-taxable","17":"purchasable","18":"product-type-simple"},"acf":[],"_links":{"self":[{"href":"https:\/\/lydogkabel.dk\/index.php\/wp-json\/wp\/v2\/product\/4398","targetHints":{"allow":["GET"]}}],"collection":[{"href":"https:\/\/lydogkabel.dk\/index.php\/wp-json\/wp\/v2\/product"}],"about":[{"href":"https:\/\/lydogkabel.dk\/index.php\/wp-json\/wp\/v2\/types\/product"}],"wp:featuredmedia":[{"embeddable":true,"href":"https:\/\/lydogkabel.dk\/index.php\/wp-json\/wp\/v2\/media\/4389"}],"wp:attachment":[{"href":"https:\/\/lydogkabel.dk\/index.php\/wp-json\/wp\/v2\/media?parent=4398"}],"wp:term":[{"taxonomy":"product_brand","embeddable":true,"href":"https:\/\/lydogkabel.dk\/index.php\/wp-json\/wp\/v2\/product_brand?post=4398"},{"taxonomy":"product_cat","embeddable":true,"href":"https:\/\/lydogkabel.dk\/index.php\/wp-json\/wp\/v2\/product_cat?post=4398"},{"taxonomy":"product_tag","embeddable":true,"href":"https:\/\/lydogkabel.dk\/index.php\/wp-json\/wp\/v2\/product_tag?post=4398"}],"curies":[{"name":"wp","href":"https:\/\/api.w.org\/{rel}","templated":true}]}}