{"id":4367,"date":"2024-07-24T01:20:16","date_gmt":"2024-07-23T23:20:16","guid":{"rendered":"https:\/\/lydogkabel.dk\/?post_type=product&#038;p=4367"},"modified":"2024-07-24T01:20:17","modified_gmt":"2024-07-23T23:20:17","slug":"greenpeace-breakthrough","status":"publish","type":"product","link":"https:\/\/lydogkabel.dk\/index.php\/vare\/greenpeace-breakthrough\/","title":{"rendered":"Greenpeace &#8211; Breakthrough"},"content":{"rendered":"","protected":false},"excerpt":{"rendered":"<p>God musik beh\u00f8ver ikke v\u00e6re dyrt &#8211; Dette lidt sjove tryk (USSR) st\u00e5r [&hellip;]<\/p>\n","protected":false},"featured_media":4343,"template":"","meta":{"_acf_changed":false},"product_brand":[],"product_cat":[1135],"product_tag":[2037,160,2036,228],"class_list":{"0":"post-4367","1":"product","2":"type-product","3":"status-publish","4":"has-post-thumbnail","6":"product_cat-brugte-lper","7":"product_tag-breakthrough","8":"product_tag-brugt","9":"product_tag-greenpeace","10":"product_tag-lp","12":"first","13":"instock","14":"taxable","15":"shipping-taxable","16":"purchasable","17":"product-type-simple"},"acf":[],"_links":{"self":[{"href":"https:\/\/lydogkabel.dk\/index.php\/wp-json\/wp\/v2\/product\/4367","targetHints":{"allow":["GET"]}}],"collection":[{"href":"https:\/\/lydogkabel.dk\/index.php\/wp-json\/wp\/v2\/product"}],"about":[{"href":"https:\/\/lydogkabel.dk\/index.php\/wp-json\/wp\/v2\/types\/product"}],"wp:featuredmedia":[{"embeddable":true,"href":"https:\/\/lydogkabel.dk\/index.php\/wp-json\/wp\/v2\/media\/4343"}],"wp:attachment":[{"href":"https:\/\/lydogkabel.dk\/index.php\/wp-json\/wp\/v2\/media?parent=4367"}],"wp:term":[{"taxonomy":"product_brand","embeddable":true,"href":"https:\/\/lydogkabel.dk\/index.php\/wp-json\/wp\/v2\/product_brand?post=4367"},{"taxonomy":"product_cat","embeddable":true,"href":"https:\/\/lydogkabel.dk\/index.php\/wp-json\/wp\/v2\/product_cat?post=4367"},{"taxonomy":"product_tag","embeddable":true,"href":"https:\/\/lydogkabel.dk\/index.php\/wp-json\/wp\/v2\/product_tag?post=4367"}],"curies":[{"name":"wp","href":"https:\/\/api.w.org\/{rel}","templated":true}]}}