{"id":4366,"date":"2024-07-24T01:16:26","date_gmt":"2024-07-23T23:16:26","guid":{"rendered":"https:\/\/lydogkabel.dk\/?post_type=product&#038;p=4366"},"modified":"2025-01-17T21:41:05","modified_gmt":"2025-01-17T20:41:05","slug":"4-non-blondes-bigger-better-faster-more-se-beskrivelse","status":"publish","type":"product","link":"https:\/\/lydogkabel.dk\/index.php\/vare\/4-non-blondes-bigger-better-faster-more-se-beskrivelse\/","title":{"rendered":"4 Non Blondes &#8211; Bigger, Better, Faster, More! (Se beskrivelse)"},"content":{"rendered":"","protected":false},"excerpt":{"rendered":"<p>Tidligere biblioteksplade som tydeligt fremg\u00e5r af stickers p\u00e5 b\u00e5de plade og bagside af [&hellip;]<\/p>\n","protected":false},"featured_media":4350,"template":"","meta":{"_acf_changed":false},"product_brand":[],"product_cat":[1135],"product_tag":[2031,2033,2032,160,2034,228,2035],"class_list":{"0":"post-4366","1":"product","2":"type-product","3":"status-publish","4":"has-post-thumbnail","6":"product_cat-brugte-lper","7":"product_tag-4-non-blondes","8":"product_tag-better","9":"product_tag-bigger","10":"product_tag-brugt","11":"product_tag-faster","12":"product_tag-lp","13":"product_tag-more","15":"first","16":"instock","17":"taxable","18":"shipping-taxable","19":"purchasable","20":"product-type-simple"},"acf":[],"_links":{"self":[{"href":"https:\/\/lydogkabel.dk\/index.php\/wp-json\/wp\/v2\/product\/4366","targetHints":{"allow":["GET"]}}],"collection":[{"href":"https:\/\/lydogkabel.dk\/index.php\/wp-json\/wp\/v2\/product"}],"about":[{"href":"https:\/\/lydogkabel.dk\/index.php\/wp-json\/wp\/v2\/types\/product"}],"wp:featuredmedia":[{"embeddable":true,"href":"https:\/\/lydogkabel.dk\/index.php\/wp-json\/wp\/v2\/media\/4350"}],"wp:attachment":[{"href":"https:\/\/lydogkabel.dk\/index.php\/wp-json\/wp\/v2\/media?parent=4366"}],"wp:term":[{"taxonomy":"product_brand","embeddable":true,"href":"https:\/\/lydogkabel.dk\/index.php\/wp-json\/wp\/v2\/product_brand?post=4366"},{"taxonomy":"product_cat","embeddable":true,"href":"https:\/\/lydogkabel.dk\/index.php\/wp-json\/wp\/v2\/product_cat?post=4366"},{"taxonomy":"product_tag","embeddable":true,"href":"https:\/\/lydogkabel.dk\/index.php\/wp-json\/wp\/v2\/product_tag?post=4366"}],"curies":[{"name":"wp","href":"https:\/\/api.w.org\/{rel}","templated":true}]}}