{"id":4326,"date":"2024-07-23T22:52:31","date_gmt":"2024-07-23T20:52:31","guid":{"rendered":"https:\/\/lydogkabel.dk\/?post_type=product&#038;p=4326"},"modified":"2024-07-23T22:52:32","modified_gmt":"2024-07-23T20:52:32","slug":"the-rolling-stones-goats-head-soup","status":"publish","type":"product","link":"https:\/\/lydogkabel.dk\/index.php\/vare\/the-rolling-stones-goats-head-soup\/","title":{"rendered":"The Rolling Stones &#8211; Goats Head Soup"},"content":{"rendered":"","protected":false},"excerpt":{"rendered":"<p>P\u00e6n og intakt med et minimalt presset hj\u00f8rne i h\u00f8jre top. Jeg har [&hellip;]<\/p>\n","protected":false},"featured_media":4309,"template":"","meta":{"_acf_changed":false},"product_brand":[],"product_cat":[1135],"product_tag":[160,2020,228,925],"class_list":{"0":"post-4326","1":"product","2":"type-product","3":"status-publish","4":"has-post-thumbnail","6":"product_cat-brugte-lper","7":"product_tag-brugt","8":"product_tag-goat-head-soup","9":"product_tag-lp","10":"product_tag-rolling-stones","12":"first","13":"instock","14":"taxable","15":"shipping-taxable","16":"purchasable","17":"product-type-simple"},"acf":[],"_links":{"self":[{"href":"https:\/\/lydogkabel.dk\/index.php\/wp-json\/wp\/v2\/product\/4326","targetHints":{"allow":["GET"]}}],"collection":[{"href":"https:\/\/lydogkabel.dk\/index.php\/wp-json\/wp\/v2\/product"}],"about":[{"href":"https:\/\/lydogkabel.dk\/index.php\/wp-json\/wp\/v2\/types\/product"}],"wp:featuredmedia":[{"embeddable":true,"href":"https:\/\/lydogkabel.dk\/index.php\/wp-json\/wp\/v2\/media\/4309"}],"wp:attachment":[{"href":"https:\/\/lydogkabel.dk\/index.php\/wp-json\/wp\/v2\/media?parent=4326"}],"wp:term":[{"taxonomy":"product_brand","embeddable":true,"href":"https:\/\/lydogkabel.dk\/index.php\/wp-json\/wp\/v2\/product_brand?post=4326"},{"taxonomy":"product_cat","embeddable":true,"href":"https:\/\/lydogkabel.dk\/index.php\/wp-json\/wp\/v2\/product_cat?post=4326"},{"taxonomy":"product_tag","embeddable":true,"href":"https:\/\/lydogkabel.dk\/index.php\/wp-json\/wp\/v2\/product_tag?post=4326"}],"curies":[{"name":"wp","href":"https:\/\/api.w.org\/{rel}","templated":true}]}}