{"id":42,"date":"2019-09-19T11:51:20","date_gmt":"2019-09-19T09:51:20","guid":{"rendered":"http:\/\/lydogkabel.dk\/index.php\/vare\/import-placeholder-for-880\/"},"modified":"2019-09-19T11:51:54","modified_gmt":"2019-09-19T09:51:54","slug":"supra-cables-eff-isl-audio-pair-1meter","status":"publish","type":"product","link":"https:\/\/lydogkabel.dk\/index.php\/vare\/supra-cables-eff-isl-audio-pair-1meter\/","title":{"rendered":"SUPRA Cables EFF-ISL AUDIO PAIR 1meter"},"content":{"rendered":"<p>SUPRA`s Multitest vinder. <\/p>\n<p>Dette er et af SUPRAS bedst s\u00e6lgende signalkabler. Kablet er SUPRA\u00b4s n\u00e6st bedste efter SWORD. <\/p>\n<p>Kablet meget velopl\u00f8st og uden farvning af lyden. Du f\u00e5r en rigtig h\u00f8j performance pr. krone i dette kabel og det er helt sikkert et best-buy i prisklassen.<\/p>\n","protected":false},"excerpt":{"rendered":"<p>Mechanical Specifications<\/p>\n<p>Number Of Pairs:\t1<br \/>\nCross Sec. Area:\t0.46 \/ 21\t \tmm2\/AWG<br \/>\nNo. Wires:\t12\t [&hellip;]<\/p>\n","protected":false},"featured_media":94,"template":"","meta":{"_acf_changed":false},"product_brand":[],"product_cat":[17],"product_tag":[84,19,85,22,24,53,54],"class_list":{"0":"post-42","1":"product","2":"type-product","3":"status-publish","4":"has-post-thumbnail","6":"product_cat-phono-kabel-rca","7":"product_tag-eff-isl-audio","8":"product_tag-kabel","9":"product_tag-phonokabel","10":"product_tag-rca","11":"product_tag-signalkabel","12":"product_tag-supra","13":"product_tag-supra-cables","15":"first","16":"instock","17":"taxable","18":"shipping-taxable","19":"purchasable","20":"product-type-simple"},"acf":[],"_links":{"self":[{"href":"https:\/\/lydogkabel.dk\/index.php\/wp-json\/wp\/v2\/product\/42","targetHints":{"allow":["GET"]}}],"collection":[{"href":"https:\/\/lydogkabel.dk\/index.php\/wp-json\/wp\/v2\/product"}],"about":[{"href":"https:\/\/lydogkabel.dk\/index.php\/wp-json\/wp\/v2\/types\/product"}],"wp:featuredmedia":[{"embeddable":true,"href":"https:\/\/lydogkabel.dk\/index.php\/wp-json\/wp\/v2\/media\/94"}],"wp:attachment":[{"href":"https:\/\/lydogkabel.dk\/index.php\/wp-json\/wp\/v2\/media?parent=42"}],"wp:term":[{"taxonomy":"product_brand","embeddable":true,"href":"https:\/\/lydogkabel.dk\/index.php\/wp-json\/wp\/v2\/product_brand?post=42"},{"taxonomy":"product_cat","embeddable":true,"href":"https:\/\/lydogkabel.dk\/index.php\/wp-json\/wp\/v2\/product_cat?post=42"},{"taxonomy":"product_tag","embeddable":true,"href":"https:\/\/lydogkabel.dk\/index.php\/wp-json\/wp\/v2\/product_tag?post=42"}],"curies":[{"name":"wp","href":"https:\/\/api.w.org\/{rel}","templated":true}]}}