{"id":4196,"date":"2024-07-20T23:53:39","date_gmt":"2024-07-20T21:53:39","guid":{"rendered":"https:\/\/lydogkabel.dk\/?post_type=product&#038;p=4196"},"modified":"2024-07-20T23:53:41","modified_gmt":"2024-07-20T21:53:41","slug":"torden-lynild-sky-til-jord","status":"publish","type":"product","link":"https:\/\/lydogkabel.dk\/index.php\/vare\/torden-lynild-sky-til-jord\/","title":{"rendered":"Torden &#038; Lynild &#8211; Sky Til Jord"},"content":{"rendered":"","protected":false},"excerpt":{"rendered":"<p>Der er ikke rigtig noget at uds\u00e6tte p\u00e5 denne &#8211; \u00f8nsker man det [&hellip;]<\/p>\n","protected":false},"featured_media":4233,"template":"","meta":{"_acf_changed":false},"product_brand":[],"product_cat":[1135],"product_tag":[160,228,1994,1993],"class_list":{"0":"post-4196","1":"product","2":"type-product","3":"status-publish","4":"has-post-thumbnail","6":"product_cat-brugte-lper","7":"product_tag-brugt","8":"product_tag-lp","9":"product_tag-sky-til-jord","10":"product_tag-torden-lynild","12":"first","13":"instock","14":"taxable","15":"shipping-taxable","16":"purchasable","17":"product-type-simple"},"acf":[],"_links":{"self":[{"href":"https:\/\/lydogkabel.dk\/index.php\/wp-json\/wp\/v2\/product\/4196","targetHints":{"allow":["GET"]}}],"collection":[{"href":"https:\/\/lydogkabel.dk\/index.php\/wp-json\/wp\/v2\/product"}],"about":[{"href":"https:\/\/lydogkabel.dk\/index.php\/wp-json\/wp\/v2\/types\/product"}],"wp:featuredmedia":[{"embeddable":true,"href":"https:\/\/lydogkabel.dk\/index.php\/wp-json\/wp\/v2\/media\/4233"}],"wp:attachment":[{"href":"https:\/\/lydogkabel.dk\/index.php\/wp-json\/wp\/v2\/media?parent=4196"}],"wp:term":[{"taxonomy":"product_brand","embeddable":true,"href":"https:\/\/lydogkabel.dk\/index.php\/wp-json\/wp\/v2\/product_brand?post=4196"},{"taxonomy":"product_cat","embeddable":true,"href":"https:\/\/lydogkabel.dk\/index.php\/wp-json\/wp\/v2\/product_cat?post=4196"},{"taxonomy":"product_tag","embeddable":true,"href":"https:\/\/lydogkabel.dk\/index.php\/wp-json\/wp\/v2\/product_tag?post=4196"}],"curies":[{"name":"wp","href":"https:\/\/api.w.org\/{rel}","templated":true}]}}