{"id":4087,"date":"2024-07-18T01:10:51","date_gmt":"2024-07-17T23:10:51","guid":{"rendered":"https:\/\/lydogkabel.dk\/?post_type=product&#038;p=4087"},"modified":"2024-07-18T01:10:53","modified_gmt":"2024-07-17T23:10:53","slug":"kashmir-cruzential-2010","status":"publish","type":"product","link":"https:\/\/lydogkabel.dk\/index.php\/vare\/kashmir-cruzential-2010\/","title":{"rendered":"Kashmir &#8211; Cruzential (2010)"},"content":{"rendered":"","protected":false},"excerpt":{"rendered":"<p>2010 tryk. Pladerne er super fine og det kan v\u00e6re sv\u00e6rt at afg\u00f8re [&hellip;]<\/p>\n","protected":false},"featured_media":4079,"template":"","meta":{"_acf_changed":false},"product_brand":[],"product_cat":[1135],"product_tag":[160,1284,1283,228],"class_list":{"0":"post-4087","1":"product","2":"type-product","3":"status-publish","4":"has-post-thumbnail","6":"product_cat-brugte-lper","7":"product_tag-brugt","8":"product_tag-cruzential","9":"product_tag-kashmir","10":"product_tag-lp","12":"first","13":"instock","14":"taxable","15":"shipping-taxable","16":"purchasable","17":"product-type-simple"},"acf":[],"_links":{"self":[{"href":"https:\/\/lydogkabel.dk\/index.php\/wp-json\/wp\/v2\/product\/4087","targetHints":{"allow":["GET"]}}],"collection":[{"href":"https:\/\/lydogkabel.dk\/index.php\/wp-json\/wp\/v2\/product"}],"about":[{"href":"https:\/\/lydogkabel.dk\/index.php\/wp-json\/wp\/v2\/types\/product"}],"wp:featuredmedia":[{"embeddable":true,"href":"https:\/\/lydogkabel.dk\/index.php\/wp-json\/wp\/v2\/media\/4079"}],"wp:attachment":[{"href":"https:\/\/lydogkabel.dk\/index.php\/wp-json\/wp\/v2\/media?parent=4087"}],"wp:term":[{"taxonomy":"product_brand","embeddable":true,"href":"https:\/\/lydogkabel.dk\/index.php\/wp-json\/wp\/v2\/product_brand?post=4087"},{"taxonomy":"product_cat","embeddable":true,"href":"https:\/\/lydogkabel.dk\/index.php\/wp-json\/wp\/v2\/product_cat?post=4087"},{"taxonomy":"product_tag","embeddable":true,"href":"https:\/\/lydogkabel.dk\/index.php\/wp-json\/wp\/v2\/product_tag?post=4087"}],"curies":[{"name":"wp","href":"https:\/\/api.w.org\/{rel}","templated":true}]}}