{"id":4069,"date":"2024-07-18T00:29:24","date_gmt":"2024-07-17T22:29:24","guid":{"rendered":"https:\/\/lydogkabel.dk\/?post_type=product&#038;p=4069"},"modified":"2024-07-18T00:29:25","modified_gmt":"2024-07-17T22:29:25","slug":"intensiv-mc-et-laege-ventet-drama","status":"publish","type":"product","link":"https:\/\/lydogkabel.dk\/index.php\/vare\/intensiv-mc-et-laege-ventet-drama\/","title":{"rendered":"Intensiv MC &#8211; Et L\u00e6ge Ventet Drama"},"content":{"rendered":"","protected":false},"excerpt":{"rendered":"<p>Plade i folie men brudt i h\u00f8jre side s\u00e5 den har v\u00e6ret afspillet [&hellip;]<\/p>\n","protected":false},"featured_media":4059,"template":"","meta":{"_acf_changed":false},"product_brand":[],"product_cat":[1135],"product_tag":[160,1960,1958,228],"class_list":{"0":"post-4069","1":"product","2":"type-product","3":"status-publish","4":"has-post-thumbnail","6":"product_cat-brugte-lper","7":"product_tag-brugt","8":"product_tag-et-laenge-ventet-drama","9":"product_tag-intensiv-mc","10":"product_tag-lp","12":"first","13":"instock","14":"taxable","15":"shipping-taxable","16":"purchasable","17":"product-type-simple"},"acf":[],"_links":{"self":[{"href":"https:\/\/lydogkabel.dk\/index.php\/wp-json\/wp\/v2\/product\/4069","targetHints":{"allow":["GET"]}}],"collection":[{"href":"https:\/\/lydogkabel.dk\/index.php\/wp-json\/wp\/v2\/product"}],"about":[{"href":"https:\/\/lydogkabel.dk\/index.php\/wp-json\/wp\/v2\/types\/product"}],"wp:featuredmedia":[{"embeddable":true,"href":"https:\/\/lydogkabel.dk\/index.php\/wp-json\/wp\/v2\/media\/4059"}],"wp:attachment":[{"href":"https:\/\/lydogkabel.dk\/index.php\/wp-json\/wp\/v2\/media?parent=4069"}],"wp:term":[{"taxonomy":"product_brand","embeddable":true,"href":"https:\/\/lydogkabel.dk\/index.php\/wp-json\/wp\/v2\/product_brand?post=4069"},{"taxonomy":"product_cat","embeddable":true,"href":"https:\/\/lydogkabel.dk\/index.php\/wp-json\/wp\/v2\/product_cat?post=4069"},{"taxonomy":"product_tag","embeddable":true,"href":"https:\/\/lydogkabel.dk\/index.php\/wp-json\/wp\/v2\/product_tag?post=4069"}],"curies":[{"name":"wp","href":"https:\/\/api.w.org\/{rel}","templated":true}]}}