{"id":406,"date":"2019-09-19T11:59:11","date_gmt":"2019-09-19T09:59:11","guid":{"rendered":"http:\/\/lydogkabel.dk\/index.php\/vare\/import-placeholder-for-1746\/"},"modified":"2023-08-09T12:20:07","modified_gmt":"2023-08-09T10:20:07","slug":"xavian-ambra-stander-saet","status":"publish","type":"product","link":"https:\/\/lydogkabel.dk\/index.php\/vare\/xavian-ambra-stander-saet\/","title":{"rendered":"Xavian Ambra Stander (s\u00e6t)"},"content":{"rendered":"","protected":false},"excerpt":{"rendered":"<p>H\u00f8jttaler-stander til Xavian Ambra. selekteret Italiensk Valn\u00f8d&#8230; findes i Valn\u00f8d og hvid [&hellip;]<\/p>\n","protected":false},"featured_media":156,"template":"","meta":{"_acf_changed":false},"product_brand":[],"product_cat":[122],"product_tag":[209,96,144,98],"class_list":{"0":"post-406","1":"product","2":"type-product","3":"status-publish","4":"has-post-thumbnail","6":"product_cat-hoejttaler-tilbehoer","7":"product_tag-ambra","8":"product_tag-stander","9":"product_tag-tilbehoer","10":"product_tag-xavian","12":"first","13":"instock","14":"taxable","15":"shipping-taxable","16":"purchasable","17":"product-type-variable"},"acf":[],"_links":{"self":[{"href":"https:\/\/lydogkabel.dk\/index.php\/wp-json\/wp\/v2\/product\/406","targetHints":{"allow":["GET"]}}],"collection":[{"href":"https:\/\/lydogkabel.dk\/index.php\/wp-json\/wp\/v2\/product"}],"about":[{"href":"https:\/\/lydogkabel.dk\/index.php\/wp-json\/wp\/v2\/types\/product"}],"wp:featuredmedia":[{"embeddable":true,"href":"https:\/\/lydogkabel.dk\/index.php\/wp-json\/wp\/v2\/media\/156"}],"wp:attachment":[{"href":"https:\/\/lydogkabel.dk\/index.php\/wp-json\/wp\/v2\/media?parent=406"}],"wp:term":[{"taxonomy":"product_brand","embeddable":true,"href":"https:\/\/lydogkabel.dk\/index.php\/wp-json\/wp\/v2\/product_brand?post=406"},{"taxonomy":"product_cat","embeddable":true,"href":"https:\/\/lydogkabel.dk\/index.php\/wp-json\/wp\/v2\/product_cat?post=406"},{"taxonomy":"product_tag","embeddable":true,"href":"https:\/\/lydogkabel.dk\/index.php\/wp-json\/wp\/v2\/product_tag?post=406"}],"curies":[{"name":"wp","href":"https:\/\/api.w.org\/{rel}","templated":true}]}}