{"id":380,"date":"2019-09-19T11:58:47","date_gmt":"2019-09-19T09:58:47","guid":{"rendered":"http:\/\/lydogkabel.dk\/index.php\/vare\/import-placeholder-for-1643\/"},"modified":"2022-09-16T09:34:45","modified_gmt":"2022-09-16T07:34:45","slug":"rega-p2-carbon","status":"publish","type":"product","link":"https:\/\/lydogkabel.dk\/index.php\/vare\/rega-p2-carbon\/","title":{"rendered":"Rega Planar 2 Carbon"},"content":{"rendered":"<p>Med nyudviklet leje i den nye tonearm (RB220), er den nye arm b\u00e5de blevet nemmere at montere under produktionen p\u00e5 fabrikken. Den nemmere montering g\u00f8r, at Rega p\u00e5 Planar 2 er blevet i stand til at levere en monteret tonearm p\u00e5 planar 2, som set ud fra ydelse burde v\u00e6re langt dyrere.<br \/>\nRega pladespillere er generelt nemme at komme i gang med at bruge og her er planar 2 ingen undtagelse.<\/p>\n<p>Der er fast anti-skating bias som sikrer at pladespilleren yder maksimalt og minimerer behovet for justeringer.<\/p>\n<p>Plint er lavet i et let materiale, som modvirker vibrationer og resonanser.<\/p>\n<p>Pladetallerken er i 10mm glas<\/p>\n<p>Leveres med Rega Carbon pickup formonteret og er som s\u00e5dan plug and play.<\/p>\n","protected":false},"excerpt":{"rendered":"<p>Rega Planar 2 fra engelske Rega er et lille mesterstykke. Med dens helt [&hellip;]<\/p>\n","protected":false},"featured_media":428,"template":"","meta":{"_acf_changed":false},"product_brand":[],"product_cat":[201],"product_tag":[],"class_list":{"0":"post-380","1":"product","2":"type-product","3":"status-publish","4":"has-post-thumbnail","6":"product_cat-pladespillere","8":"first","9":"instock","10":"taxable","11":"shipping-taxable","12":"purchasable","13":"product-type-variable"},"acf":[],"_links":{"self":[{"href":"https:\/\/lydogkabel.dk\/index.php\/wp-json\/wp\/v2\/product\/380","targetHints":{"allow":["GET"]}}],"collection":[{"href":"https:\/\/lydogkabel.dk\/index.php\/wp-json\/wp\/v2\/product"}],"about":[{"href":"https:\/\/lydogkabel.dk\/index.php\/wp-json\/wp\/v2\/types\/product"}],"wp:featuredmedia":[{"embeddable":true,"href":"https:\/\/lydogkabel.dk\/index.php\/wp-json\/wp\/v2\/media\/428"}],"wp:attachment":[{"href":"https:\/\/lydogkabel.dk\/index.php\/wp-json\/wp\/v2\/media?parent=380"}],"wp:term":[{"taxonomy":"product_brand","embeddable":true,"href":"https:\/\/lydogkabel.dk\/index.php\/wp-json\/wp\/v2\/product_brand?post=380"},{"taxonomy":"product_cat","embeddable":true,"href":"https:\/\/lydogkabel.dk\/index.php\/wp-json\/wp\/v2\/product_cat?post=380"},{"taxonomy":"product_tag","embeddable":true,"href":"https:\/\/lydogkabel.dk\/index.php\/wp-json\/wp\/v2\/product_tag?post=380"}],"curies":[{"name":"wp","href":"https:\/\/api.w.org\/{rel}","templated":true}]}}