{"id":378,"date":"2019-09-19T11:58:47","date_gmt":"2019-09-19T09:58:47","guid":{"rendered":"http:\/\/lydogkabel.dk\/index.php\/vare\/import-placeholder-for-1602\/"},"modified":"2025-04-20T16:20:49","modified_gmt":"2025-04-20T14:20:49","slug":"rega-fono-mm","status":"publish","type":"product","link":"https:\/\/lydogkabel.dk\/index.php\/vare\/rega-fono-mm\/","title":{"rendered":"Rega Fono MM MK5"},"content":{"rendered":"<p>Rega Fono MM MK5 er en fantastisk Riaa som er ekstremt simpel. Der er ikke andet end on\/off knappen p\u00e5 fronten og der er heller ingen indstillingsmuligheder. Rega Fono lyder som den g\u00f8r og det kan der ikke \u00e6ndres p\u00e5. Rega Phono er en MM riaa. Den er en god allrounder, som lyder godt og giver stor lyttegl\u00e6de hos de fleste, uanset musikstil eller udstyr. Rega Fono er et rigtig godt valg i dens prisklasse<\/p>\n","protected":false},"excerpt":{"rendered":"<p>Den prisvindende Fono MM fra engelske Rega er en yderst seri\u00f8s Riaa. H\u00f8j [&hellip;]<\/p>\n","protected":false},"featured_media":3115,"template":"","meta":{"_acf_changed":false},"product_brand":[],"product_cat":[164],"product_tag":[21,134,199,167],"class_list":{"0":"post-378","1":"product","2":"type-product","3":"status-publish","4":"has-post-thumbnail","6":"product_cat-riaa","7":"product_tag-phono","8":"product_tag-pladespiller","9":"product_tag-rega","10":"product_tag-riaa","12":"first","13":"outofstock","14":"taxable","15":"shipping-taxable","16":"purchasable","17":"product-type-simple"},"acf":[],"_links":{"self":[{"href":"https:\/\/lydogkabel.dk\/index.php\/wp-json\/wp\/v2\/product\/378","targetHints":{"allow":["GET"]}}],"collection":[{"href":"https:\/\/lydogkabel.dk\/index.php\/wp-json\/wp\/v2\/product"}],"about":[{"href":"https:\/\/lydogkabel.dk\/index.php\/wp-json\/wp\/v2\/types\/product"}],"wp:featuredmedia":[{"embeddable":true,"href":"https:\/\/lydogkabel.dk\/index.php\/wp-json\/wp\/v2\/media\/3115"}],"wp:attachment":[{"href":"https:\/\/lydogkabel.dk\/index.php\/wp-json\/wp\/v2\/media?parent=378"}],"wp:term":[{"taxonomy":"product_brand","embeddable":true,"href":"https:\/\/lydogkabel.dk\/index.php\/wp-json\/wp\/v2\/product_brand?post=378"},{"taxonomy":"product_cat","embeddable":true,"href":"https:\/\/lydogkabel.dk\/index.php\/wp-json\/wp\/v2\/product_cat?post=378"},{"taxonomy":"product_tag","embeddable":true,"href":"https:\/\/lydogkabel.dk\/index.php\/wp-json\/wp\/v2\/product_tag?post=378"}],"curies":[{"name":"wp","href":"https:\/\/api.w.org\/{rel}","templated":true}]}}