{"id":365,"date":"2019-09-19T11:58:45","date_gmt":"2019-09-19T09:58:45","guid":{"rendered":"http:\/\/lydogkabel.dk\/index.php\/vare\/import-placeholder-for-1500\/"},"modified":"2025-09-23T12:03:09","modified_gmt":"2025-09-23T10:03:09","slug":"xindak-xa6950","status":"publish","type":"product","link":"https:\/\/lydogkabel.dk\/index.php\/vare\/xindak-xa6950\/","title":{"rendered":"XINDAK XA6950 (Demo &#8211; har v\u00e6ret p\u00e5 udl\u00e5n)"},"content":{"rendered":"","protected":false},"excerpt":{"rendered":"<p>Fantastisk og st\u00e6rk, fuldt mono-opbygget integreret forst\u00e6rker med indbygget USB-DAC. 4 selekterede transistorer [&hellip;]<\/p>\n","protected":false},"featured_media":394,"template":"","meta":{"_acf_changed":false},"product_brand":[],"product_cat":[159,46],"product_tag":[48,182,49,50,51,26,197],"class_list":{"0":"post-365","1":"product","2":"type-product","3":"status-publish","4":"has-post-thumbnail","6":"product_cat-integrerede-forstaerkere","7":"product_cat-brugt-og-demo-salg","8":"product_tag-amp","9":"product_tag-dac","10":"product_tag-forstaerker","11":"product_tag-integreret","12":"product_tag-integreret-forstaerker","13":"product_tag-xindak","14":"product_tag-xindak-6950","16":"first","17":"instock","18":"sale","19":"taxable","20":"shipping-taxable","21":"purchasable","22":"product-type-variable"},"acf":[],"_links":{"self":[{"href":"https:\/\/lydogkabel.dk\/index.php\/wp-json\/wp\/v2\/product\/365","targetHints":{"allow":["GET"]}}],"collection":[{"href":"https:\/\/lydogkabel.dk\/index.php\/wp-json\/wp\/v2\/product"}],"about":[{"href":"https:\/\/lydogkabel.dk\/index.php\/wp-json\/wp\/v2\/types\/product"}],"wp:featuredmedia":[{"embeddable":true,"href":"https:\/\/lydogkabel.dk\/index.php\/wp-json\/wp\/v2\/media\/394"}],"wp:attachment":[{"href":"https:\/\/lydogkabel.dk\/index.php\/wp-json\/wp\/v2\/media?parent=365"}],"wp:term":[{"taxonomy":"product_brand","embeddable":true,"href":"https:\/\/lydogkabel.dk\/index.php\/wp-json\/wp\/v2\/product_brand?post=365"},{"taxonomy":"product_cat","embeddable":true,"href":"https:\/\/lydogkabel.dk\/index.php\/wp-json\/wp\/v2\/product_cat?post=365"},{"taxonomy":"product_tag","embeddable":true,"href":"https:\/\/lydogkabel.dk\/index.php\/wp-json\/wp\/v2\/product_tag?post=365"}],"curies":[{"name":"wp","href":"https:\/\/api.w.org\/{rel}","templated":true}]}}