{"id":3571,"date":"2023-06-19T11:38:31","date_gmt":"2023-06-19T09:38:31","guid":{"rendered":"https:\/\/lydogkabel.dk\/?post_type=product&#038;p=3571"},"modified":"2023-06-19T11:39:25","modified_gmt":"2023-06-19T09:39:25","slug":"pro-ject-stream-box-s2-sort","status":"publish","type":"product","link":"https:\/\/lydogkabel.dk\/index.php\/vare\/pro-ject-stream-box-s2-sort\/","title":{"rendered":"Pro-Ject Stream Box S2 (Sort)"},"content":{"rendered":"<p>Miniature multiroom streamer<\/p>\n<p>Stream Box S2: lille og kompakt.<\/p>\n<p>Mini Streamer med forbl\u00f8ffende god dac til prisen. Pro-Ject Stream Box S2 er kommer i et lille men l\u00e6kkert kabinet med h\u00f8j udf\u00f8relse. I den seneste tid har Pro-Ject produceret nogle af de bedste mikro high-end forst\u00e6rkere p\u00e5 markedet, som Maia S2 eller Stereo Box S2.<\/p>\n<p>Pro-Ject Stream Box S2 matcher lydkvaliteten og \u00e6stetikken i Pro-Jects mini serie, men kan sagtens bruges sammen med andre systemer hvor man \u00f8nsker en anonym streamer med god lyd og funktionalitet samt multirumsfunktionalitet.<\/p>\n<p>Den tilbyder underst\u00f8ttelse af h\u00f8jopl\u00f8sningsdata op til 24bit \/ 192kHz, samt muligheden for at oprette forbindelse til flere Stream Box S2 Multi for at danne en multirumsops\u00e6tning.<\/p>\n<p>Multiroom-streamkvaliteten forbliver p\u00e5 cd-kvalitet (16 bit\/44,1 kHz), hvilket til multirumsapplikationer er en enorm m\u00e6ngde data og god lydkvalitet. De mulige zoner er begr\u00e6nset til 10 eller 6 zoner (Ethernet eller WiFi) for at sikre en fejlfri transmission i betragtning af de h\u00f8je datahastigheder.<\/p>\n<p>Normalt er multirumsenheder, der tilbyder et h\u00f8jt antal zoner er data som regel reduceret til max. MP3-kvalitet for at sikre en fejlfri stream. Desuden kan to enheder ogs\u00e5 tilsluttes for at bygge et stereopar (med tildelt venstre og h\u00f8jre kanal). Hvis du har aktive h\u00f8jttalere, kan du oprette tr\u00e5dl\u00f8se h\u00f8jttalere ved at placere Stream Box S2 lige ved siden af dem. Du kan derefter frit placere h\u00f8jttalerne i dit v\u00e6relse og beh\u00f8ver ikke l\u00e6ngere bekymre dig om lange kabellinjer. Dette giver dig mulighed for st\u00f8rre fleksibilitet, n\u00e5r du \u00f8nsker at oprette en st\u00f8rre lobby eller et arrangementslokale med god lyd.<\/p>\n<p>Tre forskellige udgange garanterer en fleksibel l\u00f8sning. En RCA-udgang p\u00e5 linjeniveau kan tilsluttes en forforst\u00e6rker for det reneste signal, en dedikeret variabel udgang kan tilsluttes aktive h\u00f8jttalere eller effektforst\u00e6rkere. Den optiske udgang kan yderligere sende et digitalt signal til en ekstern DAC. Stream Box S2 kommer fuldt udstyret med TIDAL og Spotify.<\/p>\n","protected":false},"excerpt":{"rendered":"<div id=\"specs\" class=\"anchor card px-md-4\">\n<h2>Technical Specifications<\/h2>\n<div id=\"specs-content\" class=\"collapse show\" aria-labelledby=\"headingOne\" data-parent=\"#expanse\">\n<table class=\"my-3\" style=\"height: [&hellip;] \n\n","protected":false},"featured_media":3573,"template":"","meta":{"_acf_changed":false},"product_brand":[],"product_cat":[1455],"product_tag":[1456,1704,1703],"class_list":{"0":"post-3571","1":"product","2":"type-product","3":"status-publish","4":"has-post-thumbnail","6":"product_cat-streaming","7":"product_tag-pro-ject","8":"product_tag-stream-box","9":"product_tag-streming","11":"first","12":"instock","13":"taxable","14":"shipping-taxable","15":"purchasable","16":"product-type-simple"},"acf":[],"_links":{"self":[{"href":"https:\/\/lydogkabel.dk\/index.php\/wp-json\/wp\/v2\/product\/3571","targetHints":{"allow":["GET"]}}],"collection":[{"href":"https:\/\/lydogkabel.dk\/index.php\/wp-json\/wp\/v2\/product"}],"about":[{"href":"https:\/\/lydogkabel.dk\/index.php\/wp-json\/wp\/v2\/types\/product"}],"wp:featuredmedia":[{"embeddable":true,"href":"https:\/\/lydogkabel.dk\/index.php\/wp-json\/wp\/v2\/media\/3573"}],"wp:attachment":[{"href":"https:\/\/lydogkabel.dk\/index.php\/wp-json\/wp\/v2\/media?parent=3571"}],"wp:term":[{"taxonomy":"product_brand","embeddable":true,"href":"https:\/\/lydogkabel.dk\/index.php\/wp-json\/wp\/v2\/product_brand?post=3571"},{"taxonomy":"product_cat","embeddable":true,"href":"https:\/\/lydogkabel.dk\/index.php\/wp-json\/wp\/v2\/product_cat?post=3571"},{"taxonomy":"product_tag","embeddable":true,"href":"https:\/\/lydogkabel.dk\/index.php\/wp-json\/wp\/v2\/product_tag?post=3571"}],"curies":[{"name":"wp","href":"https:\/\/api.w.org\/{rel}","templated":true}]}}