{"id":3464,"date":"2023-05-16T15:17:02","date_gmt":"2023-05-16T13:17:02","guid":{"rendered":"https:\/\/lydogkabel.dk\/?post_type=product&#038;p=3464"},"modified":"2023-05-16T15:20:15","modified_gmt":"2023-05-16T13:20:15","slug":"system-audio-salegend-silverback-5-2","status":"publish","type":"product","link":"https:\/\/lydogkabel.dk\/index.php\/vare\/system-audio-salegend-silverback-5-2\/","title":{"rendered":"System Audio -SA Legend Silverback 5.2"},"content":{"rendered":"<div class=\"bde-div-43700-132 bde-div\">\n<div class=\"bde-div-43700-133 bde-div\">\n<div class=\"bde-advancedslide-43700-130 bde-advancedslide swiper-slide\" role=\"group\" aria-label=\"1 \/ 3\">\n<div class=\"advanced-slider__slide\">\n<div class=\"bde-productbuilder-43700-131 bde-productbuilder breakdance-woocommerce\">\n<div id=\"product-18771\" class=\"product type-product post-18771 status-publish instock product_cat-aktive-traadloese-hoejttalere product_cat-kompakthoejttalere product_cat-sa-legend-silverback-familie has-post-thumbnail featured taxable shipping-taxable purchasable product-type-variable has-default-attributes\">\n<div class=\"bde-div-43700-137 bde-div\">\n<div class=\"bde-text-43700-158 bde-text\"><\/div>\n<\/div>\n<\/div>\n<\/div>\n<\/div>\n<\/div>\n<div class=\"bde-advancedslide-43700-145 bde-advancedslide swiper-slide swiper-slide-visible swiper-slide-active\" role=\"group\" aria-label=\"3 \/ 3\">\n<div class=\"advanced-slider__slide\">\n<div class=\"bde-div-43700-146 bde-div\">\n<div class=\"bde-text-43700-147 bde-text\"><strong>Der er mange fordele ved SA\u00a0legend\u00a0silverback teknologi:\u00a0<\/strong><\/div>\n<\/div>\n<\/div>\n<\/div>\n<\/div>\n<\/div>\n<div class=\"bde-div-43700-137 bde-div\">\n<div class=\"bde-text-43700-158 bde-text\">\n<p>* Befriende ren lyd<\/p>\n<p>* Fantastisk dynamik<\/p>\n<p>* Utroligt dyb bas<\/p>\n<p>* Langt mindre kompression af lyden<\/p>\n<p>* Ekstremt line\u00e6r frekvensrespons<\/p>\n<p>* Ensartet lydudstr\u00e5ling<\/p>\n<p>* Kan opgraderes til tr\u00e5dl\u00f8s ved k\u00f8b af Stereo Hub<\/p>\n<p aria-level=\"5\">SA legend 5.2 silverback er skabt til at fungere med din forforst\u00e6rker, netv\u00e6rksafspiller eller pre-out p\u00e5 din integrerede forst\u00e6rker. H\u00f8jttalerne t\u00e6nder selv, n\u00e5r du starter musikken.<\/p>\n<p aria-level=\"5\">F\u00e5 mere at vide om pr\u00e6sentationen af Surround Hub (tr\u00e5dl\u00f8s 7.1 hjemmebiograf med WiSA og High Definition lyd) p\u00e5\u00a0<a href=\"mailto:support@system-audio.com\">support@system-audio.com<\/a><\/p>\n<p aria-level=\"5\"><picture class=\"aligncenter size-large wp-image-43457\"><source data-srcset=\"https:\/\/system-audio.com\/wp-content\/uploads\/2022\/12\/Stereo-Hub-Remote-silver-1-1024x512.jpg.webp 1024w, https:\/\/system-audio.com\/wp-content\/uploads\/2022\/12\/Stereo-Hub-Remote-silver-1-300x150.jpg.webp 300w, https:\/\/system-audio.com\/wp-content\/uploads\/2022\/12\/Stereo-Hub-Remote-silver-1-100x50.jpg.webp 100w, https:\/\/system-audio.com\/wp-content\/uploads\/2022\/12\/Stereo-Hub-Remote-silver-1-1536x768.jpg.webp 1536w, https:\/\/system-audio.com\/wp-content\/uploads\/2022\/12\/Stereo-Hub-Remote-silver-1-500x250.jpg.webp 500w, https:\/\/system-audio.com\/wp-content\/uploads\/2022\/12\/Stereo-Hub-Remote-silver-1-1000x500.jpg.webp 1000w, https:\/\/system-audio.com\/wp-content\/uploads\/2022\/12\/Stereo-Hub-Remote-silver-1.jpg.webp 2006w\" type=\"image\/webp\" data-sizes=\"(max-width: 1024px) 100vw, 1024px\" \/><img decoding=\"async\" data-src=\"https:\/\/system-audio.com\/wp-content\/uploads\/2022\/12\/Stereo-Hub-Remote-silver-1-1024x512.jpg\" data-sizes=\"(max-width: 1024px) 100vw, 1024px\" data-srcset=\"https:\/\/system-audio.com\/wp-content\/uploads\/2022\/12\/Stereo-Hub-Remote-silver-1-1024x512.jpg 1024w, https:\/\/system-audio.com\/wp-content\/uploads\/2022\/12\/Stereo-Hub-Remote-silver-1-300x150.jpg 300w, https:\/\/system-audio.com\/wp-content\/uploads\/2022\/12\/Stereo-Hub-Remote-silver-1-100x50.jpg 100w, https:\/\/system-audio.com\/wp-content\/uploads\/2022\/12\/Stereo-Hub-Remote-silver-1-1536x768.jpg 1536w, https:\/\/system-audio.com\/wp-content\/uploads\/2022\/12\/Stereo-Hub-Remote-silver-1-500x250.jpg 500w, https:\/\/system-audio.com\/wp-content\/uploads\/2022\/12\/Stereo-Hub-Remote-silver-1-1000x500.jpg 1000w, https:\/\/system-audio.com\/wp-content\/uploads\/2022\/12\/Stereo-Hub-Remote-silver-1.jpg 2006w\" alt=\"\" width=\"1024\" height=\"512\" src=\"data:image\/svg+xml;base64,PHN2ZyB3aWR0aD0iMSIgaGVpZ2h0PSIxIiB4bWxucz0iaHR0cDovL3d3dy53My5vcmcvMjAwMC9zdmciPjwvc3ZnPg==\" class=\"lazyload\" style=\"--smush-placeholder-width: 1024px; --smush-placeholder-aspect-ratio: 1024\/512;\" \/><\/picture><\/p>\n<h3><strong><span class=\"TextRun SCXW232098826\" lang=\"DA-DK\" xml:lang=\"DA-DK\"><span class=\"NormalTextRun SCXW232098826\">H\u00f8jttalerne kan opgraderes til et tr\u00e5dl\u00f8st High End musiksystem<\/span><\/span><span class=\"EOP SCXW232098826\" data-ccp-props=\"{&quot;201341983&quot;:0,&quot;335559738&quot;:40,&quot;335559739&quot;:160,&quot;335559740&quot;:259}\">\u00a0<\/span><\/strong><\/h3>\n<p>Du bliver fri for kabler, n\u00e5r du tilk\u00f8ber <a href=\"https:\/\/system-audio.com\/product\/stereo-hub\/\">Stereo Hub<\/a> til dine SA legend 5.2 silverback.<\/p>\n<p>Det er en tr\u00e5dl\u00f8s kontrolenhed, der samler dine lydenheder og forbinder dem tr\u00e5dl\u00f8st til dine silverback h\u00f8jttalere med den bedste tr\u00e5dl\u00f8se teknologi, der findes til overf\u00f8rsel af lyd.<\/p>\n<p>Du beh\u00f8ver ikke, at have tr\u00e5dl\u00f8st netv\u00e6rk for at have tr\u00e5dl\u00f8se silverback-h\u00f8jttalere. <a href=\"https:\/\/system-audio.com\/product\/stereo-hub\/\">L\u00e6s mere om Stereo Hub<\/a>.<\/p>\n<p>Velkommen til en tid, hvor stor brugervenlighed endelig m\u00f8der store\u00a0lytteoplevelser.<\/p>\n<p><strong>SA legend 5.2 silverback er forberedt til digital tr\u00e5dl\u00f8s hjemmebiograf<\/strong><\/p>\n<p>SA legend 5.2 silverback er fra f\u00f8dslen forberedt til at indg\u00e5 i en tr\u00e5dl\u00f8s digital 7.1 hjemmebiograf, hvis du skulle f\u00e5 lyst til det.<\/p>\n<p>Det kr\u00e6ver kun, at du fort\u00e6ller h\u00f8jttaleren med et klik p\u00e5 en knap, at den skal fungere som f.eks. fronth\u00f8jttaler, bagh\u00f8jttaler, surroundh\u00f8jttaler m.v.<\/p>\n<p>P\u00e5 den enkle m\u00e5de forbinder du en tr\u00e5dl\u00f8s hjemmebiograf med op til 8 h\u00f8jttalere. Du mister derfor ikke din investering, fordi du vil have en hjemmebiograf. Du bygger videre p\u00e5 det, du allerede har.<\/p>\n<pre><img decoding=\"async\" class=\"size-full wp-image-39871 aligncenter lazyload\" data-src=\"https:\/\/system-audio.com\/wp-content\/uploads\/2020\/11\/SAlegend5-3-2.jpg\" data-sizes=\"(max-width: 2000px) 100vw, 2000px\" data-srcset=\"https:\/\/system-audio.com\/wp-content\/uploads\/2020\/11\/SAlegend5-3-2.jpg 2000w, https:\/\/system-audio.com\/wp-content\/uploads\/2020\/11\/SAlegend5-3-2-300x150.jpg 300w, https:\/\/system-audio.com\/wp-content\/uploads\/2020\/11\/SAlegend5-3-2-1024x512.jpg 1024w, https:\/\/system-audio.com\/wp-content\/uploads\/2020\/11\/SAlegend5-3-2-100x50.jpg 100w, https:\/\/system-audio.com\/wp-content\/uploads\/2020\/11\/SAlegend5-3-2-1536x768.jpg 1536w, https:\/\/system-audio.com\/wp-content\/uploads\/2020\/11\/SAlegend5-3-2-500x250.jpg 500w, https:\/\/system-audio.com\/wp-content\/uploads\/2020\/11\/SAlegend5-3-2-1000x500.jpg 1000w\" alt=\"\" width=\"2000\" height=\"1000\" src=\"data:image\/svg+xml;base64,PHN2ZyB3aWR0aD0iMSIgaGVpZ2h0PSIxIiB4bWxucz0iaHR0cDovL3d3dy53My5vcmcvMjAwMC9zdmciPjwvc3ZnPg==\" style=\"--smush-placeholder-width: 2000px; --smush-placeholder-aspect-ratio: 2000\/1000;\" \/><\/pre>\n<h3><strong>Lad os tage et kig p\u00e5 bash\u00f8jttaleren<\/strong><\/h3>\n<p>Der findes ingen bash\u00f8jttaler, der minder om den i SA legend 5.2 silverback. Her finder du hoved\u00e5rsagen til h\u00f8jttalerens utroligt store lyd.<\/p>\n<p>Membranen kan bev\u00e6ge sig 40 % mere end normalt, og derfor oplever du dybere bas og mere fyldig lyd, end p\u00e5 andre h\u00f8jttalere af samme st\u00f8rrelse. Membranen er lavet af kulfiber.<\/p>\n<p>Det lette materiale er med til at g\u00f8re lyden klarere og mere levende, og det giver en tydelig f\u00f8lelse af at v\u00e6re t\u00e6t p\u00e5 musikken.<\/p>\n<pre><img decoding=\"async\" class=\"size-full wp-image-40231 aligncenter lazyload\" data-src=\"https:\/\/system-audio.com\/wp-content\/uploads\/2018\/11\/Svommehal7.jpg\" data-sizes=\"(max-width: 2000px) 100vw, 2000px\" data-srcset=\"https:\/\/system-audio.com\/wp-content\/uploads\/2018\/11\/Svommehal7.jpg 2000w, https:\/\/system-audio.com\/wp-content\/uploads\/2018\/11\/Svommehal7-300x150.jpg 300w, https:\/\/system-audio.com\/wp-content\/uploads\/2018\/11\/Svommehal7-1024x512.jpg 1024w, https:\/\/system-audio.com\/wp-content\/uploads\/2018\/11\/Svommehal7-100x50.jpg 100w, https:\/\/system-audio.com\/wp-content\/uploads\/2018\/11\/Svommehal7-1536x768.jpg 1536w, https:\/\/system-audio.com\/wp-content\/uploads\/2018\/11\/Svommehal7-500x250.jpg 500w, https:\/\/system-audio.com\/wp-content\/uploads\/2018\/11\/Svommehal7-1000x500.jpg 1000w\" alt=\"\" width=\"2000\" height=\"1000\" src=\"data:image\/svg+xml;base64,PHN2ZyB3aWR0aD0iMSIgaGVpZ2h0PSIxIiB4bWxucz0iaHR0cDovL3d3dy53My5vcmcvMjAwMC9zdmciPjwvc3ZnPg==\" style=\"--smush-placeholder-width: 2000px; --smush-placeholder-aspect-ratio: 2000\/1000;\" \/><\/pre>\n<h3><strong>Fylder stuen med lyd<\/strong><\/h3>\n<p>Diskanth\u00f8jttaleren er nyudviklet med den patenterede DXT-linse. Det betyder, at lyden d\u00e6kker hele stuen. Du beh\u00f8ver ikke, at opholde dig et bestemt sted, for at f\u00e5 den bedste oplevelse.<\/p>\n<p>Den ekstremt lette membran g\u00f8r p\u00e5 \u00e9n gang lyden delikat og nuanceret, s\u00e5 du aldrig g\u00e5r glip af musikkens magi.<\/p>\n<pre><img decoding=\"async\" class=\"size-full wp-image-40834 aligncenter lazyload\" data-src=\"https:\/\/system-audio.com\/wp-content\/uploads\/2021\/01\/Play-seriously-4x2-1-scaled.jpg\" data-sizes=\"(max-width: 2048px) 100vw, 2048px\" data-srcset=\"https:\/\/system-audio.com\/wp-content\/uploads\/2021\/01\/Play-seriously-4x2-1-scaled.jpg 2048w, https:\/\/system-audio.com\/wp-content\/uploads\/2021\/01\/Play-seriously-4x2-1-300x148.jpg 300w, https:\/\/system-audio.com\/wp-content\/uploads\/2021\/01\/Play-seriously-4x2-1-1024x507.jpg 1024w, https:\/\/system-audio.com\/wp-content\/uploads\/2021\/01\/Play-seriously-4x2-1-100x50.jpg 100w, https:\/\/system-audio.com\/wp-content\/uploads\/2021\/01\/Play-seriously-4x2-1-1536x760.jpg 1536w, https:\/\/system-audio.com\/wp-content\/uploads\/2021\/01\/Play-seriously-4x2-1-500x247.jpg 500w, https:\/\/system-audio.com\/wp-content\/uploads\/2021\/01\/Play-seriously-4x2-1-1000x495.jpg 1000w\" alt=\"\" width=\"2048\" height=\"1014\" src=\"data:image\/svg+xml;base64,PHN2ZyB3aWR0aD0iMSIgaGVpZ2h0PSIxIiB4bWxucz0iaHR0cDovL3d3dy53My5vcmcvMjAwMC9zdmciPjwvc3ZnPg==\" style=\"--smush-placeholder-width: 2048px; --smush-placeholder-aspect-ratio: 2048\/1014;\" \/><\/pre>\n<h3><strong>RAM TWEAKS<\/strong><\/h3>\n<p><strong>RAM TWEAKS er optimeringer af lyden, som du downloader og installerer i dine h\u00f8jttalere. P\u00e5 den m\u00e5de f\u00e5r du mulighed for at optimere lyden som aldrig f\u00f8r.<\/strong><\/p>\n<p>&nbsp;<\/p>\n<div class=\"bde-advancedslide-43700-130 bde-advancedslide swiper-slide\" role=\"group\" aria-label=\"1 \/ 3\">\n<div class=\"advanced-slider__slide\">\n<div class=\"bde-productbuilder-43700-131 bde-productbuilder breakdance-woocommerce\">\n<div id=\"product-18771\" class=\"product type-product post-18771 status-publish instock product_cat-aktive-traadloese-hoejttalere product_cat-kompakthoejttalere product_cat-sa-legend-silverback-familie has-post-thumbnail featured taxable shipping-taxable purchasable product-type-variable has-default-attributes\">\n<div class=\"bde-div-43700-137 bde-div\">\n<div class=\"bde-text-43700-158 bde-text\">\n<p><strong>SA legend 5 silverback &#8211; Technical specifications<\/strong><\/p>\n<\/div>\n<\/div>\n<\/div>\n<\/div>\n<\/div>\n<\/div>\n<div class=\"bde-advancedslide-43700-145 bde-advancedslide swiper-slide swiper-slide-visible swiper-slide-active\" role=\"group\" aria-label=\"3 \/ 3\">\n<div class=\"advanced-slider__slide\">\n<div class=\"bde-div-43700-146 bde-div\">\n<div class=\"bde-text-43700-147 bde-text\">\n<ul>\n<li><strong>Total amplifier power<\/strong>: 150 Watt (2-way active. Two amplifiers in each speaker)<\/li>\n<li><strong>Frequency range +\/- 1.5 dB<\/strong>: 40-25.000 Hz<\/li>\n<li><strong>Cabled analog input<\/strong>: Balanced XLR<\/li>\n<li><strong>Tweeter<\/strong>: Legend DXT<\/li>\n<li><strong>Woofer<\/strong>: Legend 15\/4<\/li>\n<li><strong>Principle<\/strong>: Active 2-way bass reflex<\/li>\n<li><strong>Upgradable DSP<\/strong>: Yes<\/li>\n<li><strong>Built-in wireless WiSA receiver<\/strong>: Yes<\/li>\n<li><strong>Upgradable to wireless 7.1 home theatre<\/strong>: Yes<\/li>\n<li><strong>Input Voltage<\/strong>: 100-240 Volts AC<\/li>\n<li><strong>Standby power:<\/strong> 2 Watts<\/li>\n<li><strong>Packing<\/strong>: Pairs<\/li>\n<li><strong>Weight loudspeaker (kgs)<\/strong>: 6.7 kgs<\/li>\n<li><strong>Dimensions (WxHxD) cm<\/strong>: 19 x 32 x 26.5<\/li>\n<li><strong>Packing dimensions (WxHxD) cm<\/strong>: &#8211;<\/li>\n<li><strong>Shipping weight (kgs)<\/strong>: &#8211;<\/li>\n<li><strong>Recommended placement<\/strong>: Shelf, on wall (using <a href=\"https:\/\/system-audio.com\/en\/product\/w-5-wall-bracket\/\">W.5 bracket<\/a>), on <a href=\"https:\/\/system-audio.com\/en\/product\/fs5\/\">stand<\/a><\/li>\n<li><strong>Finish<\/strong>: Satin White and Satin Black<\/li>\n<\/ul>\n<p><img decoding=\"async\" class=\"alignnone size-full wp-image-30227 entered lazyloaded\" src=\"https:\/\/m9t7h8d2.rocketcdn.me\/wp-content\/uploads\/2019\/05\/WiSA-logo.jpg\" alt=\"\" width=\"449\" height=\"122\" data-lazy-src=\"https:\/\/m9t7h8d2.rocketcdn.me\/wp-content\/uploads\/2019\/05\/WiSA-logo.jpg\" data-ll-status=\"loaded\" \/><\/p>\n<\/div>\n<\/div>\n<\/div>\n<\/div>\n<p>&nbsp;<\/p>\n<p><img decoding=\"async\" class=\"size-full wp-image-40477 aligncenter lazyload\" data-src=\"https:\/\/system-audio.com\/wp-content\/uploads\/2018\/02\/SAlegend5-1.jpg\" data-sizes=\"(max-width: 2000px) 100vw, 2000px\" data-srcset=\"https:\/\/system-audio.com\/wp-content\/uploads\/2018\/02\/SAlegend5-1.jpg 2000w, https:\/\/system-audio.com\/wp-content\/uploads\/2018\/02\/SAlegend5-1-300x150.jpg 300w, https:\/\/system-audio.com\/wp-content\/uploads\/2018\/02\/SAlegend5-1-1024x512.jpg 1024w, https:\/\/system-audio.com\/wp-content\/uploads\/2018\/02\/SAlegend5-1-100x50.jpg 100w, https:\/\/system-audio.com\/wp-content\/uploads\/2018\/02\/SAlegend5-1-1536x768.jpg 1536w, https:\/\/system-audio.com\/wp-content\/uploads\/2018\/02\/SAlegend5-1-500x250.jpg 500w, https:\/\/system-audio.com\/wp-content\/uploads\/2018\/02\/SAlegend5-1-1000x500.jpg 1000w\" alt=\"\" width=\"2000\" height=\"1000\" src=\"data:image\/svg+xml;base64,PHN2ZyB3aWR0aD0iMSIgaGVpZ2h0PSIxIiB4bWxucz0iaHR0cDovL3d3dy53My5vcmcvMjAwMC9zdmciPjwvc3ZnPg==\" style=\"--smush-placeholder-width: 2000px; --smush-placeholder-aspect-ratio: 2000\/1000;\" \/><\/p>\n<\/div>\n<\/div>\n","protected":false},"excerpt":{"rendered":"<div class=\"bde-div-43700-132 bde-div\">\n<div class=\"bde-div-43700-133 bde-div\">\n<h3 class=\"bde-heading-43700-134 bde-heading\">SA legend 5.2 silverback<\/h3>\n<h3 class=\"bde-heading-43700-135 bde-heading\">Fork\u00e6l dig [&hellip;]<\/p>\n","protected":false},"featured_media":3465,"template":"","meta":{"_acf_changed":false},"product_brand":[],"product_cat":[103,91],"product_tag":[1654,1655,1656,102],"class_list":{"0":"post-3464","1":"product","2":"type-product","3":"status-publish","4":"has-post-thumbnail","6":"product_cat-aktive-hoejttalere","7":"product_cat-stander-kompakt-hoejttalere","8":"product_tag-aktiv-hoejttaler","9":"product_tag-legend","10":"product_tag-silverback","11":"product_tag-system-audio","13":"first","14":"instock","15":"taxable","16":"shipping-taxable","17":"purchasable","18":"product-type-variable"},"acf":[],"_links":{"self":[{"href":"https:\/\/lydogkabel.dk\/index.php\/wp-json\/wp\/v2\/product\/3464","targetHints":{"allow":["GET"]}}],"collection":[{"href":"https:\/\/lydogkabel.dk\/index.php\/wp-json\/wp\/v2\/product"}],"about":[{"href":"https:\/\/lydogkabel.dk\/index.php\/wp-json\/wp\/v2\/types\/product"}],"wp:featuredmedia":[{"embeddable":true,"href":"https:\/\/lydogkabel.dk\/index.php\/wp-json\/wp\/v2\/media\/3465"}],"wp:attachment":[{"href":"https:\/\/lydogkabel.dk\/index.php\/wp-json\/wp\/v2\/media?parent=3464"}],"wp:term":[{"taxonomy":"product_brand","embeddable":true,"href":"https:\/\/lydogkabel.dk\/index.php\/wp-json\/wp\/v2\/product_brand?post=3464"},{"taxonomy":"product_cat","embeddable":true,"href":"https:\/\/lydogkabel.dk\/index.php\/wp-json\/wp\/v2\/product_cat?post=3464"},{"taxonomy":"product_tag","embeddable":true,"href":"https:\/\/lydogkabel.dk\/index.php\/wp-json\/wp\/v2\/product_tag?post=3464"}],"curies":[{"name":"wp","href":"https:\/\/api.w.org\/{rel}","templated":true}]}}